{"id":65445,"date":"2018-05-27T15:27:31","date_gmt":"2018-05-27T22:27:31","guid":{"rendered":"https:\/\/www.magped.us\/politica-de-privacidad\/"},"modified":"2025-09-12T01:40:56","modified_gmt":"2025-09-12T08:40:56","slug":"politica-de-privacidad","status":"publish","type":"page","link":"https:\/\/www.magped.us\/es\/politica-de-privacidad\/","title":{"rendered":"Pol\u00edtica de privacidad"},"content":{"rendered":"\n\t<section class=\"section\" id=\"section_934384686\">\n\t\t<div class=\"section-bg fill\" >\n\t\t\t\t\t\t\t\t\t\n\t\t\t\n\n\t\t<\/div>\n\n\t\t\n\n\t\t<div class=\"section-content relative\">\n\t\t\t\n\t<div id=\"gap-1077285475\" class=\"gap-element clearfix\" style=\"display:block; height:auto;\">\n\t\t\n<style>\n#gap-1077285475 {\n  padding-top: 30px;\n}\n@media (min-width:550px) {\n  #gap-1077285475 {\n    padding-top: 20px;\n  }\n}\n<\/style>\n\t<\/div>\n\t\n<div class=\"row align-center\"  id=\"row-1531878810\">\n\n\t<div id=\"col-877310861\" class=\"col medium-6 small-12 large-5\"  data-animate=\"bounceInUp\">\n\t\t\t\t<div class=\"col-inner text-center\"  >\n\t\t\t\n\t\t\t\n\t<div id=\"text-1531879676\" class=\"text collapse\">\n\t\t\n<p>Ayuda<\/p>\n\t\t\t<\/div>\n\t\n\t<div id=\"gap-600743164\" class=\"gap-element clearfix\" style=\"display:block; height:auto;\">\n\t\t\n<style>\n#gap-600743164 {\n  padding-top: 10px;\n}\n<\/style>\n\t<\/div>\n\t\n\t<div id=\"text-1655764229\" class=\"text collapse h2\">\n\t\t\n<p>Informaci\u00f3n sobre protecci\u00f3n de datos<\/p>\n\t\t\t<\/div>\n\t\n\t\t<\/div>\n\t\t\t\t\n<style>\n#col-877310861 > .col-inner {\n  margin: 0px 0px 15px 0px;\n}\n<\/style>\n\t<\/div>\n\n\t\n<\/div>\n\t\t<\/div>\n\n\t\t\n<style>\n#section_934384686 {\n  padding-top: 10px;\n  padding-bottom: 10px;\n  min-height: 0px;\n  background-color: rgb(255, 255, 255);\n}\n@media (min-width:550px) {\n  #section_934384686 {\n    padding-top: 30px;\n    padding-bottom: 30px;\n  }\n}\n<\/style>\n\t<\/section>\n\t\n\n\t<section class=\"section\" id=\"section_1133573099\">\n\t\t<div class=\"section-bg fill\" >\n\t\t\t\t\t\t\t\t\t\n\t\t\t\n\n\t\t<\/div>\n\n\t\t\n\n\t\t<div class=\"section-content relative\">\n\t\t\t\n\t<div id=\"gap-1176903970\" class=\"gap-element clearfix\" style=\"display:block; height:auto;\">\n\t\t\n<style>\n#gap-1176903970 {\n  padding-top: 55px;\n}\n@media (min-width:550px) {\n  #gap-1176903970 {\n    padding-top: 70px;\n  }\n}\n@media (min-width:850px) {\n  #gap-1176903970 {\n    padding-top: 75px;\n  }\n}\n<\/style>\n\t<\/div>\n\t\n<div class=\"row align-center\"  id=\"row-46675608\">\n\n\t<div id=\"col-643457423\" class=\"col medium-12 small-12 large-3\"  >\n\t\t<div class=\"is-sticky-column\"><div class=\"is-sticky-column__inner\">\t\t<div class=\"col-inner\" style=\"background-color:rgb(255, 255, 255);\" >\n\t\t\t\n\t\t\t\n\t<div class=\"ux-menu stack stack-col justify-start\">\n\t\t\n\n\t<div class=\"ux-menu-link flex menu-item\">\n\t\t<a class=\"ux-menu-link__link flex\" href=\"https:\/\/www.magped.us\/faq\/\" >\n\t\t\t\t\t\t<span class=\"ux-menu-link__text\">\n\t\t\t\tPreguntas Frecuentes\t\t\t<\/span>\n\t\t<\/a>\n\t<\/div>\n\t\n\n\t<div class=\"ux-menu-link flex menu-item\">\n\t\t<a class=\"ux-menu-link__link flex\" href=\"https:\/\/www.magped.us\/shippings\/\" >\n\t\t\t\t\t\t<span class=\"ux-menu-link__text\">\n\t\t\t\tEnv\u00edo\t\t\t<\/span>\n\t\t<\/a>\n\t<\/div>\n\t\n\n\t<div class=\"ux-menu-link flex menu-item\">\n\t\t<a class=\"ux-menu-link__link flex\" href=\"https:\/\/www.magped.us\/returns\/\" >\n\t\t\t\t\t\t<span class=\"ux-menu-link__text\">\n\t\t\t\tPol\u00edtica de anulaci\u00f3n\t\t\t<\/span>\n\t\t<\/a>\n\t<\/div>\n\t\n\n\t<div class=\"ux-menu-link flex menu-item\">\n\t\t<a class=\"ux-menu-link__link flex\" href=\"https:\/\/www.magped.us\/payments\/\" >\n\t\t\t\t\t\t<span class=\"ux-menu-link__text\">\n\t\t\t\tPayment\t\t\t<\/span>\n\t\t<\/a>\n\t<\/div>\n\t\n\n\t<div class=\"ux-menu-link flex menu-item\">\n\t\t<a class=\"ux-menu-link__link flex\" href=\"https:\/\/www.magped.us\/general-terms-and-conditions\/\" >\n\t\t\t\t\t\t<span class=\"ux-menu-link__text\">\n\t\t\t\tCondiciones generales\t\t\t<\/span>\n\t\t<\/a>\n\t<\/div>\n\t\n\n\t<div class=\"ux-menu-link flex menu-item\">\n\t\t<a class=\"ux-menu-link__link flex\" href=\"https:\/\/www.magped.us\/privacy-policy\/\" >\n\t\t\t\t\t\t<span class=\"ux-menu-link__text\">\n\t\t\t\tInformaci\u00f3n sobre protecci\u00f3n de datos\t\t\t<\/span>\n\t\t<\/a>\n\t<\/div>\n\t\n\n\t<div class=\"ux-menu-link flex menu-item\">\n\t\t<a class=\"ux-menu-link__link flex\" href=\"https:\/\/www.magped.us\/legal_notice\/\" >\n\t\t\t\t\t\t<span class=\"ux-menu-link__text\">\n\t\t\t\tPie de imprenta\t\t\t<\/span>\n\t\t<\/a>\n\t<\/div>\n\t\n\n\t<div class=\"ux-menu-link flex menu-item\">\n\t\t<a class=\"ux-menu-link__link flex\" href=\"https:\/\/www.magped.us\/contact\/\" >\n\t\t\t\t\t\t<span class=\"ux-menu-link__text\">\n\t\t\t\tContact\t\t\t<\/span>\n\t\t<\/a>\n\t<\/div>\n\t\n\n\n\t<\/div>\n\t\n\t\t<\/div>\n\t\t<\/div><\/div>\t\t\n<style>\n#col-643457423 > .is-sticky-column > .is-sticky-column__inner > .col-inner {\n  padding: 10% 10% 7% 10%;\n  margin: 0px 0px 25px 0px;\n  border-radius: 20px;\n}\n@media (min-width:550px) {\n  #col-643457423 > .is-sticky-column > .is-sticky-column__inner > .col-inner {\n    padding: 5% 5% 5% 5%;\n  }\n}\n@media (min-width:850px) {\n  #col-643457423 > .is-sticky-column > .is-sticky-column__inner > .col-inner {\n    padding: 12% 15% 12% 15%;\n  }\n}\n<\/style>\n\t<\/div>\n\n\t\n\n\t<div id=\"col-296222035\" class=\"col medium-12 small-12 large-9 medium-col-first\"  >\n\t\t\t\t<div class=\"col-inner\"  >\n\t\t\t\n\t\t\t\n\t<div id=\"text-2359588763\" class=\"text\">\n\t\t\n<p>Esta Pol\u00edtica de privacidad describe c\u00f3mo se recopila, utiliza y comparte su informaci\u00f3n personal cuando visita o realiza una compra en www.magped.us (el &#8220;Sitio&#8221;).<\/p>\n<h3><strong>INFORMACI\u00d3N PERSONAL QUE RECOPILAMOS<\/strong><\/h3>\n<p>Cuando visita el Sitio, recopilamos autom\u00e1ticamente cierta informaci\u00f3n sobre su dispositivo, incluida informaci\u00f3n sobre su navegador web, direcci\u00f3n IP, zona horaria y algunas de las cookies instaladas en su dispositivo. Adem\u00e1s, a medida que navega por el sitio, recopilamos informaci\u00f3n sobre las p\u00e1ginas web o productos que visita, qu\u00e9 sitios web o t\u00e9rminos de b\u00fasqueda le han remitido al sitio e informaci\u00f3n sobre c\u00f3mo interact\u00faa con el sitio. Nos referimos a esta informaci\u00f3n recopilada autom\u00e1ticamente como &#8220;Informaci\u00f3n del dispositivo&#8221;.  <\/p>\n<h4><strong>Recopilamos informaci\u00f3n sobre dispositivos utilizando las siguientes tecnolog\u00edas:<\/strong><\/h4>\n<ul>\n<li>Las &#8220;cookies&#8221; son archivos de datos que se colocan en su dispositivo u ordenador y suelen incluir un identificador \u00fanico an\u00f3nimo. Para obtener m\u00e1s informaci\u00f3n sobre las cookies y c\u00f3mo desactivarlas, visite http:\/\/www.allaboutcookies.org. <\/li>\n<li>Los &#8220;archivos de registro&#8221; rastrean las acciones que se producen en el sitio y recopilan datos como su direcci\u00f3n IP, tipo de navegador, proveedor de servicios de Internet, p\u00e1ginas de referencia\/salida y sellos de fecha\/hora.<\/li>\n<li>Las &#8220;balizas web&#8221;, &#8220;etiquetas&#8221; y &#8220;p\u00edxeles&#8221; son archivos electr\u00f3nicos que se utilizan para registrar informaci\u00f3n sobre su navegaci\u00f3n por el sitio.<\/li>\n<li>&#8220;Google Analytics&#8221;<\/li>\n<li>&#8220;P\u00edxel de Facebook&#8221; para dirigirse a usuarios redirigidos desde Facebook.<\/li>\n<\/ul>\n<h4><strong>Pol\u00edtica de privacidad para el uso de Google Analytics<\/strong><\/h4>\n<p>Este sitio web utiliza Google Analytics, un servicio web de Google Inc. (&#8220;Google&#8221;) ofrecido por Google Inc., 1600 Amphitheatre Parkway Mountain View, CA 94043, EE.UU.. Google Analytics utiliza las denominadas &#8220;cookies&#8221;, archivos de texto que se almacenan en su ordenador con el fin de analizar el uso que usted hace del sitio web. Esta informaci\u00f3n espec\u00edfica sobre su uso del website (incluyendo su direcci\u00f3n IP) ser\u00e1 directamente transmitida y archivada por Google en los servidores de Estados Unidos. Google utilizar\u00e1 esta informaci\u00f3n para analizar su uso de un sitio web, para crear informes sobre la actividad web para los proveedores de sitios web y para ofrecer servicios relacionados adicionales. Google tambi\u00e9n transmitir\u00e1 dichos datos a terceros si as\u00ed lo exige la ley o si dichos terceros procesan dichos datos para Google. Google no combinar\u00e1 en ning\u00fan caso su direcci\u00f3n IP con otros datos recopilados por Google. Puede desactivar la instalaci\u00f3n de cookies en la configuraci\u00f3n de su navegador, pero le advertimos de que en ese caso es posible que no pueda utilizar todas las funciones del sitio web. Al utilizar el sitio web, acepta el uso y el tratamiento de los datos descritos anteriormente.       <\/p>\n<p>Adem\u00e1s, cuando realiza una compra o intenta realizar una compra a trav\u00e9s del Sitio, recopilamos cierta informaci\u00f3n sobre usted, como su nombre, direcci\u00f3n de facturaci\u00f3n, direcci\u00f3n de env\u00edo, informaci\u00f3n de pago (incluidos los n\u00fameros de tarjeta de cr\u00e9dito y d\u00e9bito, informaci\u00f3n de la cuenta PayPal, direcci\u00f3n de correo electr\u00f3nico y n\u00famero de tel\u00e9fono). Nos referimos a esta informaci\u00f3n como &#8220;Informaci\u00f3n del pedido&#8221;. <\/p>\n<p>Los datos de pago sensibles s\u00f3lo son recogidos y almacenados por nuestros proveedores de servicios de pago Evalon y PayPal. La informaci\u00f3n de pago no se almacena ni se procesa en nuestro sitio. <\/p>\n<p>Cuando hablamos de &#8220;Datos Personales&#8221; en esta Pol\u00edtica de Privacidad, nos referimos tanto a los Datos del Dispositivo como a los Datos del Pedido.<\/p>\n<h3><strong>\u00bfC\u00d3MO UTILIZAMOS SU INFORMACI\u00d3N PERSONAL?<\/strong><\/h3>\n<p>Utilizamos la Informaci\u00f3n de Pedido que recopilamos generalmente para cumplir con cualquier pedido realizado a trav\u00e9s del Sitio (incluido el procesamiento de su informaci\u00f3n de pago, la organizaci\u00f3n del env\u00edo y el env\u00edo de facturas y\/o confirmaciones de pedido). Adem\u00e1s, utilizamos esta Informaci\u00f3n de Pedido para: <\/p>\n<p>Comunicarnos con usted;<\/p>\n<p>Examinar nuestros pedidos para detectar posibles riesgos o fraudes; y<\/p>\n<p>Cuando est\u00e9 en consonancia con las preferencias que haya compartido con nosotros, proporcionarle informaci\u00f3n o publicidad relacionada con nuestros productos o servicios.<\/p>\n<p>Utilizamos la Informaci\u00f3n del dispositivo que recopilamos para ayudarnos a detectar posibles riesgos y fraudes (en particular, su direcci\u00f3n IP) y, de forma m\u00e1s general, para mejorar y optimizar nuestro Sitio (por ejemplo, generando an\u00e1lisis sobre c\u00f3mo nuestros clientes navegan e interact\u00faan con el Sitio, y para evaluar el \u00e9xito de nuestras campa\u00f1as de marketing y publicidad).<\/p>\n<h4><strong>COMPARTIR SU INFORMACI\u00d3N PERSONAL<\/strong><\/h4>\n<p>Compartimos sus Datos Personales con terceros para que nos ayuden a utilizarlos, tal como se ha descrito anteriormente. Por ejemplo, utilizamos WooCommerce para impulsar nuestra tienda en l\u00ednea. Tambi\u00e9n utilizamos Google Analytics para ayudarnos a comprender c\u00f3mo utilizan el Sitio nuestros clientes; puede obtener m\u00e1s informaci\u00f3n sobre c\u00f3mo Google utiliza su Informaci\u00f3n Personal aqu\u00ed: https:\/\/www.google.com\/intl\/en\/policies\/privacy\/. Tambi\u00e9n puede darse de baja de Google Analytics aqu\u00ed: https:\/\/tools.google.com\/dlpage\/gaoptout.  <\/p>\n<p>Por \u00faltimo, tambi\u00e9n podemos compartir sus Datos Personales para cumplir las leyes y normativas aplicables, para responder a una citaci\u00f3n, orden de registro u otra solicitud legal de informaci\u00f3n que recibamos, o para proteger de otro modo nuestros derechos.<\/p>\n<h4><strong>PUBLICIDAD COMPORTAMENTAL<\/strong><\/h4>\n<p>Como se ha descrito anteriormente, utilizamos sus Datos Personales para ofrecerle publicidad o comunicaciones de marketing espec\u00edficas que creemos que pueden ser de su inter\u00e9s. Para m\u00e1s informaci\u00f3n sobre el funcionamiento de la publicidad dirigida, puede visitar la p\u00e1gina educativa de la Network Advertising Initiative (&#8220;NAI&#8221;) en http:\/\/www.networkadvertising.org\/understanding-online-advertising\/how-does-it-work. <\/p>\n<p>Puede darse de baja de la publicidad dirigida:<\/p>\n<p>INCLUIR ENLACES DE EXCLUSI\u00d3N DE CUALQUIERA DE LOS SERVICIOS UTILIZADOS.<\/p>\n<p>LOS ENLACES M\u00c1S COMUNES SON:<\/p>\n<p>FACEBOOK \u2013 https:\/\/www.facebook.com\/settings\/?tab=ads<\/p>\n<p>GOOGLE \u2013 https:\/\/www.google.com\/settings\/ads\/anonymous<\/p>\n<p>INSTAGRAM -https:\/\/www.instagram.com<\/p>\n<p>Adem\u00e1s, puede darse de baja de algunos de estos servicios visitando el portal de exclusi\u00f3n de la Digital Advertising Alliance en: http:\/\/optout.aboutads.info\/.<\/p>\n<h4><strong>NO SEGUIR<\/strong><\/h4>\n<p>Tenga en cuenta que no alteramos las pr\u00e1cticas de recopilaci\u00f3n y uso de datos de nuestro Sitio cuando vemos una se\u00f1al Do Not Track de su navegador.<\/p>\n<h4><strong>CONSERVACI\u00d3N DE DATOS<\/strong><\/h4>\n<p>Cuando realice un pedido a trav\u00e9s del Sitio, conservaremos la Informaci\u00f3n del pedido para nuestros registros, a menos que nos solicite que eliminemos dicha informaci\u00f3n y hasta que lo haga.<\/p>\n<h4><strong>CAMBIOS<\/strong><\/h4>\n<p>Podemos actualizar esta pol\u00edtica de privacidad de vez en cuando para reflejar, por ejemplo, cambios en nuestras pr\u00e1cticas o por otras razones operativas, legales o reglamentarias.<\/p>\n<h3><strong>CONTACTO<\/strong><\/h3>\n<p>Para obtener m\u00e1s informaci\u00f3n sobre nuestras pr\u00e1cticas de privacidad, si tiene alguna pregunta o si desea presentar una queja, <a href=\"https:\/\/www.magped.us\/es\/contact-2\/\">p\u00f3ngase en contacto<\/a> con nosotros o por correo utilizando los datos que se indican a continuaci\u00f3n:<\/p>\n<p>40842 The Crescent Squamish British Columbia V8B 1B1<\/p>\n\t\t\n<style>\n#text-2359588763 {\n  text-align: left;\n}\n<\/style>\n\t<\/div>\n\t\n\t\t<\/div>\n\t\t\t\t\n<style>\n#col-296222035 > .col-inner {\n  padding: 0px 0px 0% 0px;\n  border-radius: 30px;\n}\n@media (min-width:550px) {\n  #col-296222035 > .col-inner {\n    padding: 0px 0px 0px 0px;\n  }\n}\n@media (min-width:850px) {\n  #col-296222035 > .col-inner {\n    padding: 0px 0px 0px 6%;\n  }\n}\n<\/style>\n\t<\/div>\n\n\t\n<\/div>\n\t<div id=\"gap-934202975\" class=\"gap-element clearfix\" style=\"display:block; height:auto;\">\n\t\t\n<style>\n#gap-934202975 {\n  padding-top: 20px;\n}\n@media (min-width:550px) {\n  #gap-934202975 {\n    padding-top: 50px;\n  }\n}\n<\/style>\n\t<\/div>\n\t\n<div class=\"row align-center\"  id=\"row-1302932754\">\n\n\n\t<div id=\"col-929711051\" class=\"col small-12 large-12\"  >\n\t\t\t\t<div class=\"col-inner dark\"  >\n\t\t\t\n\t\t\t\n\n<div class=\"row row-collapse align-middle\"  id=\"row-518629468\">\n\n\n\t<div id=\"col-533210458\" class=\"col medium-12 small-12 large-8\"  >\n\t\t\t\t<div class=\"col-inner\"  >\n\t\t\t\n\t\t\t\n\n<div class=\"row row-collapse align-middle align-center\"  id=\"row-1970256630\">\n\n\n\t<div id=\"col-1542621698\" class=\"col medium-12 small-12 large-3\"  >\n\t\t\t\t<div class=\"col-inner text-left\"  >\n\t\t\t\n\t\t\t\n\n\t<div id=\"stack-822209984\" class=\"stack stack-row justify-start items-stretch md:justify-center\">\n\t\t\n\n\t<div id=\"text-1744300059\" class=\"text round-corners collapse\">\n\t\t\n\n<p><img loading=\"lazy\" decoding=\"async\" class=\"alignnone wp-image-1269\" src=\"\/wp-content\/uploads\/2024\/10\/any_questions.jpg\" alt=\"\" width=\"135\" height=\"94\"><\/p>\n\t\t\t<\/div>\n\t\n\n\t\t\n<style>\n#stack-822209984 > * {\n  --stack-gap: 0rem;\n}\n<\/style>\n\t<\/div>\n\t\n\n\t\t<\/div>\n\t\t\t\t\t<\/div>\n\n\t\n\n\t<div id=\"col-825982014\" class=\"col medium-9 small-12 large-9\"  >\n\t\t\t\t<div class=\"col-inner\"  >\n\t\t\t\n\t\t\t\n\n\t<div id=\"text-1623505319\" class=\"text h3 collapse\">\n\t\t\n\n\u00bfAlguna pregunta?\n\t\t\n<style>\n#text-1623505319 {\n  text-align: center;\n}\n@media (min-width:850px) {\n  #text-1623505319 {\n    text-align: left;\n  }\n}\n<\/style>\n\t<\/div>\n\t\n\t<div id=\"gap-878048744\" class=\"gap-element clearfix\" style=\"display:block; height:auto;\">\n\t\t\n<style>\n#gap-878048744 {\n  padding-top: 10px;\n}\n<\/style>\n\t<\/div>\n\t\n\n\t<div id=\"text-4237121578\" class=\"text collapse\">\n\t\t\n\nEstamos a su disposici\u00f3n 24 horas al d\u00eda, 7 d\u00edas a la semana.\n\t\t\n<style>\n#text-4237121578 {\n  text-align: center;\n}\n@media (min-width:850px) {\n  #text-4237121578 {\n    text-align: left;\n  }\n}\n<\/style>\n\t<\/div>\n\t\n\n\t\t<\/div>\n\t\t\t\t\n<style>\n#col-825982014 > .col-inner {\n  padding: 30px 0px 0px 0px;\n  margin: 0px 0px 0px 0px;\n}\n@media (min-width:550px) {\n  #col-825982014 > .col-inner {\n    padding: 20px 0px 0px 0px;\n  }\n}\n@media (min-width:850px) {\n  #col-825982014 > .col-inner {\n    padding: 0px 0px 0px 0px;\n  }\n}\n<\/style>\n\t<\/div>\n\n\t\n\n<\/div>\n\n\t\t<\/div>\n\t\t\t\t\n<style>\n#col-533210458 > .col-inner {\n  padding: 0px 0px 30px 0px;\n}\n@media (min-width:850px) {\n  #col-533210458 > .col-inner {\n    padding: 0px 0px 0px 0px;\n  }\n}\n<\/style>\n\t<\/div>\n\n\t\n\n\t<div id=\"col-1314357305\" class=\"col medium-12 small-12 large-4\"  >\n\t\t\t\t<div class=\"col-inner\"  >\n\t\t\t\n\t\t\t\n\n\t<div id=\"stack-3362350883\" class=\"stack stack-row justify-center items-stretch sm:stack-col\">\n\t\t\n\n<a href=\"https:\/\/www.magped.us\/contact\/\" class=\"button secondary is-large collapse\" >\n\t\t<span>Contacto magped<\/span>\n\t<\/a>\n\n\n\n\t\t\n<style>\n#stack-3362350883 > * {\n  --stack-gap: 0.5rem;\n}\n<\/style>\n\t<\/div>\n\t\n\n\t\t<\/div>\n\t\t\t\t\t<\/div>\n\n\t\n\n\n<style>\n#row-518629468 > .col > .col-inner {\n  border-radius: 20px;\n}\n<\/style>\n<\/div>\n\n\t\t<\/div>\n\t\t\t\t\n<style>\n#col-929711051 > .col-inner {\n  margin: 0px 0px -30px 0px;\n}\n<\/style>\n\t<\/div>\n\n\t\n\n\n<style>\n#row-1302932754 > .col > .col-inner {\n  padding: 10% 10% 10% 10%;\n  background-color: #161616;\n  border-radius: 20px;\n}\n@media (min-width:550px) {\n  #row-1302932754 > .col > .col-inner {\n    padding: 5% 5% 5% 5%;\n  }\n}\n@media (min-width:850px) {\n  #row-1302932754 > .col > .col-inner {\n    padding: 2% 2% 2% 2%;\n  }\n}\n<\/style>\n<\/div>\n\t\t<\/div>\n\n\t\t\n<style>\n#section_1133573099 {\n  padding-top: 0px;\n  padding-bottom: 0px;\n  background-color: rgb(247, 247, 247);\n}\n@media (min-width:550px) {\n  #section_1133573099 {\n    padding-top: 0px;\n    padding-bottom: 0px;\n  }\n}\n@media (min-width:850px) {\n  #section_1133573099 {\n    padding-top: 0px;\n    padding-bottom: 0px;\n  }\n}\n<\/style>\n\t<\/section>\n\t\n","protected":false},"excerpt":{"rendered":"","protected":false},"author":1,"featured_media":0,"parent":0,"menu_order":0,"comment_status":"closed","ping_status":"closed","template":"page-blank.php","meta":{"footnotes":""},"class_list":["post-65445","page","type-page","status-publish","hentry"],"_links":{"self":[{"href":"https:\/\/www.magped.us\/es\/wp-json\/wp\/v2\/pages\/65445","targetHints":{"allow":["GET"]}}],"collection":[{"href":"https:\/\/www.magped.us\/es\/wp-json\/wp\/v2\/pages"}],"about":[{"href":"https:\/\/www.magped.us\/es\/wp-json\/wp\/v2\/types\/page"}],"author":[{"embeddable":true,"href":"https:\/\/www.magped.us\/es\/wp-json\/wp\/v2\/users\/1"}],"replies":[{"embeddable":true,"href":"https:\/\/www.magped.us\/es\/wp-json\/wp\/v2\/comments?post=65445"}],"version-history":[{"count":5,"href":"https:\/\/www.magped.us\/es\/wp-json\/wp\/v2\/pages\/65445\/revisions"}],"predecessor-version":[{"id":67276,"href":"https:\/\/www.magped.us\/es\/wp-json\/wp\/v2\/pages\/65445\/revisions\/67276"}],"wp:attachment":[{"href":"https:\/\/www.magped.us\/es\/wp-json\/wp\/v2\/media?parent=65445"}],"curies":[{"name":"wp","href":"https:\/\/api.w.org\/{rel}","templated":true}]}}