{"id":65463,"date":"2024-10-01T01:52:45","date_gmt":"2024-10-01T08:52:45","guid":{"rendered":"https:\/\/www.magped.us\/returns-2\/"},"modified":"2025-11-08T09:06:19","modified_gmt":"2025-11-08T17:06:19","slug":"returns-2","status":"publish","type":"page","link":"https:\/\/www.magped.us\/es\/returns-2\/","title":{"rendered":"devoluciones"},"content":{"rendered":"\n\t<section class=\"section\" id=\"section_471115433\">\n\t\t<div class=\"section-bg fill\" >\n\t\t\t\t\t\t\t\t\t\n\t\t\t\n\n\t\t<\/div>\n\n\t\t\n\n\t\t<div class=\"section-content relative\">\n\t\t\t\n\t<div id=\"gap-109511424\" class=\"gap-element clearfix\" style=\"display:block; height:auto;\">\n\t\t\n<style>\n#gap-109511424 {\n  padding-top: 30px;\n}\n@media (min-width:550px) {\n  #gap-109511424 {\n    padding-top: 20px;\n  }\n}\n<\/style>\n\t<\/div>\n\t\n<div class=\"row align-center\"  id=\"row-424027269\">\n\n\t<div id=\"col-1042749086\" class=\"col medium-6 small-12 large-5\"  data-animate=\"bounceInUp\">\n\t\t\t\t<div class=\"col-inner text-center\"  >\n\t\t\t\n\t\t\t\n\t<div id=\"text-4242511748\" class=\"text collapse\">\n\t\t\n<p>Ayuda<br \/>\n\t\t\t<\/div>\n\t\n\t<div id=\"gap-1041399708\" class=\"gap-element clearfix\" style=\"display:block; height:auto;\">\n\t\t\n<style>\n#gap-1041399708 {\n  padding-top: 10px;\n}\n<\/style>\n\t<\/div>\n\t\n\t<div id=\"text-626038547\" class=\"text collapse h2\">\n\t\t\n<p>Pol\u00edtica de devoluciones<br \/>\n\t\t\t<\/div>\n\t\n\t\t<\/div>\n\t\t\t\t\n<style>\n#col-1042749086 > .col-inner {\n  margin: 0px 0px 15px 0px;\n}\n<\/style>\n\t<\/div>\n\n\t\n<\/div>\n\t\t<\/div>\n\n\t\t\n<style>\n#section_471115433 {\n  padding-top: 10px;\n  padding-bottom: 10px;\n  min-height: 0px;\n  background-color: rgb(255, 255, 255);\n}\n@media (min-width:550px) {\n  #section_471115433 {\n    padding-top: 30px;\n    padding-bottom: 30px;\n  }\n}\n<\/style>\n\t<\/section>\n\t\n\n\t<section class=\"section\" id=\"section_1356143772\">\n\t\t<div class=\"section-bg fill\" >\n\t\t\t\t\t\t\t\t\t\n\t\t\t\n\n\t\t<\/div>\n\n\t\t\n\n\t\t<div class=\"section-content relative\">\n\t\t\t\n\t<div id=\"gap-1565280163\" class=\"gap-element clearfix\" style=\"display:block; height:auto;\">\n\t\t\n<style>\n#gap-1565280163 {\n  padding-top: 55px;\n}\n@media (min-width:550px) {\n  #gap-1565280163 {\n    padding-top: 70px;\n  }\n}\n@media (min-width:850px) {\n  #gap-1565280163 {\n    padding-top: 75px;\n  }\n}\n<\/style>\n\t<\/div>\n\t\n<div class=\"row align-center\"  id=\"row-702031600\">\n\n\t<div id=\"col-1063990530\" class=\"col medium-12 small-12 large-3\"  >\n\t\t<div class=\"is-sticky-column\"><div class=\"is-sticky-column__inner\">\t\t<div class=\"col-inner\" style=\"background-color:rgb(255, 255, 255);\" >\n\t\t\t\n\t\t\t\n\t<div class=\"ux-menu stack stack-col justify-start\">\n\t\t\n\n\t<div class=\"ux-menu-link flex menu-item\">\n\t\t<a class=\"ux-menu-link__link flex\" href=\"https:\/\/www.magped.us\/faq\/\" >\n\t\t\t\t\t\t<span class=\"ux-menu-link__text\">\n\t\t\t\tPreguntas Frecuentes\t\t\t<\/span>\n\t\t<\/a>\n\t<\/div>\n\t\n\n\t<div class=\"ux-menu-link flex menu-item\">\n\t\t<a class=\"ux-menu-link__link flex\" href=\"https:\/\/www.magped.us\/shippings\/\" >\n\t\t\t\t\t\t<span class=\"ux-menu-link__text\">\n\t\t\t\tEnv\u00edo\t\t\t<\/span>\n\t\t<\/a>\n\t<\/div>\n\t\n\n\t<div class=\"ux-menu-link flex menu-item\">\n\t\t<a class=\"ux-menu-link__link flex\" href=\"https:\/\/www.magped.us\/returns\/\" >\n\t\t\t\t\t\t<span class=\"ux-menu-link__text\">\n\t\t\t\tPol\u00edtica de anulaci\u00f3n\t\t\t<\/span>\n\t\t<\/a>\n\t<\/div>\n\t\n\n\t<div class=\"ux-menu-link flex menu-item\">\n\t\t<a class=\"ux-menu-link__link flex\" href=\"https:\/\/www.magped.us\/payments\/\" >\n\t\t\t\t\t\t<span class=\"ux-menu-link__text\">\n\t\t\t\tPayment\t\t\t<\/span>\n\t\t<\/a>\n\t<\/div>\n\t\n\n\t<div class=\"ux-menu-link flex menu-item\">\n\t\t<a class=\"ux-menu-link__link flex\" href=\"https:\/\/www.magped.us\/general-terms-and-conditions\/\" >\n\t\t\t\t\t\t<span class=\"ux-menu-link__text\">\n\t\t\t\tCondiciones generales\t\t\t<\/span>\n\t\t<\/a>\n\t<\/div>\n\t\n\n\t<div class=\"ux-menu-link flex menu-item\">\n\t\t<a class=\"ux-menu-link__link flex\" href=\"https:\/\/www.magped.us\/privacy-policy\/\" >\n\t\t\t\t\t\t<span class=\"ux-menu-link__text\">\n\t\t\t\tInformaci\u00f3n sobre protecci\u00f3n de datos\t\t\t<\/span>\n\t\t<\/a>\n\t<\/div>\n\t\n\n\t<div class=\"ux-menu-link flex menu-item\">\n\t\t<a class=\"ux-menu-link__link flex\" href=\"https:\/\/www.magped.us\/legal_notice\/\" >\n\t\t\t\t\t\t<span class=\"ux-menu-link__text\">\n\t\t\t\tPie de imprenta\t\t\t<\/span>\n\t\t<\/a>\n\t<\/div>\n\t\n\n\t<div class=\"ux-menu-link flex menu-item\">\n\t\t<a class=\"ux-menu-link__link flex\" href=\"https:\/\/www.magped.us\/contact\/\" >\n\t\t\t\t\t\t<span class=\"ux-menu-link__text\">\n\t\t\t\tContact\t\t\t<\/span>\n\t\t<\/a>\n\t<\/div>\n\t\n\n\n\t<\/div>\n\t\n\t\t<\/div>\n\t\t<\/div><\/div>\t\t\n<style>\n#col-1063990530 > .is-sticky-column > .is-sticky-column__inner > .col-inner {\n  padding: 10% 10% 7% 10%;\n  margin: 0px 0px 25px 0px;\n  border-radius: 20px;\n}\n@media (min-width:550px) {\n  #col-1063990530 > .is-sticky-column > .is-sticky-column__inner > .col-inner {\n    padding: 5% 5% 5% 5%;\n  }\n}\n@media (min-width:850px) {\n  #col-1063990530 > .is-sticky-column > .is-sticky-column__inner > .col-inner {\n    padding: 12% 15% 12% 15%;\n  }\n}\n<\/style>\n\t<\/div>\n\n\t\n\n\t<div id=\"col-737936039\" class=\"col medium-12 small-12 large-9 medium-col-first\"  >\n\t\t\t\t<div class=\"col-inner\"  >\n\t\t\t\n\t\t\t\n<h3>Garant\u00eda de devoluci\u00f3n del dinero de 30 d\u00edas<\/h3>\n<p>Sabemos que probar un nuevo producto es una decisi\u00f3n importante, y nos complace ofrecerte tranquilidad con nuestra garant\u00eda de devoluci\u00f3n del dinero de 30 d\u00edas para pedales ligeramente usados. Esta pol\u00edtica es v\u00e1lida para la devoluci\u00f3n de pedales en un plazo de 30 d\u00edas a partir de la fecha de entrega. Ten en cuenta que los gastos de env\u00edo de la devoluci\u00f3n corren a cargo del comprador y que no proporcionamos etiquetas de env\u00edo para la devoluci\u00f3n. Respaldamos nuestro producto y tenemos una tasa de devoluci\u00f3n inferior al 1 % en todo el mundo.   <\/p>\n<h3>Antes de regresar<\/h3>\n<p>Dada la tecnolog\u00eda \u00fanica, nuestros pedales suelen necesitar varios usos y ajustes hasta que quedan perfectamente ajustados. Un factor clave para garantizar una conexi\u00f3n s\u00f3lida es la altura del im\u00e1n. Disponemos de varios v\u00eddeos de configuraci\u00f3n y mantenimiento que te ayudar\u00e1n; consulta nuestra secci\u00f3n de preguntas frecuentes.  <\/p>\n<h3>\u00bfC\u00f3mo puedo devolverlo?<\/h3>\n<p>Env\u00edenos un correo electr\u00f3nico a support@magped.us para informarnos de que va a devolver los pedales. Aseg\u00farese de incluir el n\u00famero de pedido original dentro del paquete para agilizar la devoluci\u00f3n y env\u00ede todos los pedales con sus piezas completas a las siguientes direcciones: <\/p>\n<h4><strong>DEVOLUCIONES DE EE. UU. Y M\u00c9XICO<\/strong><\/h4>\n<p>Si realiza el env\u00edo desde Estados Unidos o M\u00e9xico, env\u00edelo a:<\/p>\n<p>Magped C\/O ShipTop<br \/>\n1160 Yew Ave, #48785<br \/>\nBlaine, WA 98230<br \/>\nUSA<\/p>\n<h4><strong>DEVOLUCIONES EN CANAD\u00c1:<\/strong><\/h4>\n<p>Por favor, env\u00edelo de vuelta a nuestro almac\u00e9n, cuya direcci\u00f3n es la siguiente:<\/p>\n<p>Magped C\/O ShipTop<br \/>\n8599 Fraser Street<br \/>\nVancouver, BC V5X 3Y1<br \/>\nCanada<\/p>\n<h3><span style=\"font-size: 20.16px; color: #333333;\">Reembolsos<\/span><\/h3>\n<p>El precio de compra de los pedales (menos los gastos de env\u00edo originales) se reembolsar\u00e1 mediante el m\u00e9todo de pago original inmediatamente despu\u00e9s de la recepci\u00f3n de los productos devueltos. En el caso de los reembolsos con tarjeta de cr\u00e9dito, pueden pasar hasta 10 d\u00edas antes de que el reembolso aparezca en el extracto de su tarjeta de cr\u00e9dito. <\/p>\n<h3>Productos defectuosos<\/h3>\n<p>Los productos defectuosos se sustituir\u00e1n inmediatamente y sin coste alguno, salvo que los da\u00f1os hayan sido causados por el cliente.<\/p>\n\t\t<\/div>\n\t\t\t\t\n<style>\n#col-737936039 > .col-inner {\n  padding: 0px 0px 0% 0px;\n  border-radius: 30px;\n}\n@media (min-width:550px) {\n  #col-737936039 > .col-inner {\n    padding: 0px 0px 0px 0px;\n  }\n}\n@media (min-width:850px) {\n  #col-737936039 > .col-inner {\n    padding: 0px 0px 0px 6%;\n  }\n}\n<\/style>\n\t<\/div>\n\n\t\n<\/div>\n\t<div id=\"gap-469829394\" class=\"gap-element clearfix\" style=\"display:block; height:auto;\">\n\t\t\n<style>\n#gap-469829394 {\n  padding-top: 20px;\n}\n@media (min-width:550px) {\n  #gap-469829394 {\n    padding-top: 50px;\n  }\n}\n<\/style>\n\t<\/div>\n\t\n<div class=\"row align-center\"  id=\"row-884240462\">\n\n\n\t<div id=\"col-1442666140\" class=\"col small-12 large-12\"  >\n\t\t\t\t<div class=\"col-inner dark\"  >\n\t\t\t\n\t\t\t\n\n<div class=\"row row-collapse align-middle\"  id=\"row-983280037\">\n\n\n\t<div id=\"col-25723124\" class=\"col medium-12 small-12 large-8\"  >\n\t\t\t\t<div class=\"col-inner\"  >\n\t\t\t\n\t\t\t\n\n<div class=\"row row-collapse align-middle align-center\"  id=\"row-986451702\">\n\n\n\t<div id=\"col-359238222\" class=\"col medium-12 small-12 large-3\"  >\n\t\t\t\t<div class=\"col-inner text-left\"  >\n\t\t\t\n\t\t\t\n\n\t<div id=\"stack-1315847384\" class=\"stack stack-row justify-start items-stretch md:justify-center\">\n\t\t\n\n\t<div id=\"text-3849620702\" class=\"text round-corners collapse\">\n\t\t\n\n<p><img loading=\"lazy\" decoding=\"async\" class=\"alignnone wp-image-1269\" src=\"\/wp-content\/uploads\/2024\/10\/any_questions.jpg\" alt=\"\" width=\"135\" height=\"94\"><\/p>\n\t\t\t<\/div>\n\t\n\n\t\t\n<style>\n#stack-1315847384 > * {\n  --stack-gap: 0rem;\n}\n<\/style>\n\t<\/div>\n\t\n\n\t\t<\/div>\n\t\t\t\t\t<\/div>\n\n\t\n\n\t<div id=\"col-1636014331\" class=\"col medium-9 small-12 large-9\"  >\n\t\t\t\t<div class=\"col-inner\"  >\n\t\t\t\n\t\t\t\n\n\t<div id=\"text-187719464\" class=\"text h3 collapse\">\n\t\t\n\n\u00bfAlguna pregunta?\n\t\t\n<style>\n#text-187719464 {\n  text-align: center;\n}\n@media (min-width:850px) {\n  #text-187719464 {\n    text-align: left;\n  }\n}\n<\/style>\n\t<\/div>\n\t\n\t<div id=\"gap-459312127\" class=\"gap-element clearfix\" style=\"display:block; height:auto;\">\n\t\t\n<style>\n#gap-459312127 {\n  padding-top: 10px;\n}\n<\/style>\n\t<\/div>\n\t\n\n\t<div id=\"text-829318249\" class=\"text collapse\">\n\t\t\n\nEstamos a su disposici\u00f3n 24 horas al d\u00eda, 7 d\u00edas a la semana.\n\t\t\n<style>\n#text-829318249 {\n  text-align: center;\n}\n@media (min-width:850px) {\n  #text-829318249 {\n    text-align: left;\n  }\n}\n<\/style>\n\t<\/div>\n\t\n\n\t\t<\/div>\n\t\t\t\t\n<style>\n#col-1636014331 > .col-inner {\n  padding: 30px 0px 0px 0px;\n  margin: 0px 0px 0px 0px;\n}\n@media (min-width:550px) {\n  #col-1636014331 > .col-inner {\n    padding: 20px 0px 0px 0px;\n  }\n}\n@media (min-width:850px) {\n  #col-1636014331 > .col-inner {\n    padding: 0px 0px 0px 0px;\n  }\n}\n<\/style>\n\t<\/div>\n\n\t\n\n<\/div>\n\n\t\t<\/div>\n\t\t\t\t\n<style>\n#col-25723124 > .col-inner {\n  padding: 0px 0px 30px 0px;\n}\n@media (min-width:850px) {\n  #col-25723124 > .col-inner {\n    padding: 0px 0px 0px 0px;\n  }\n}\n<\/style>\n\t<\/div>\n\n\t\n\n\t<div id=\"col-156837488\" class=\"col medium-12 small-12 large-4\"  >\n\t\t\t\t<div class=\"col-inner\"  >\n\t\t\t\n\t\t\t\n\n\t<div id=\"stack-1839437073\" class=\"stack stack-row justify-center items-stretch sm:stack-col\">\n\t\t\n\n<a href=\"https:\/\/www.magped.us\/contact\/\" class=\"button secondary is-large collapse\" >\n\t\t<span>Contacto magped<\/span>\n\t<\/a>\n\n\n\n\t\t\n<style>\n#stack-1839437073 > * {\n  --stack-gap: 0.5rem;\n}\n<\/style>\n\t<\/div>\n\t\n\n\t\t<\/div>\n\t\t\t\t\t<\/div>\n\n\t\n\n\n<style>\n#row-983280037 > .col > .col-inner {\n  border-radius: 20px;\n}\n<\/style>\n<\/div>\n\n\t\t<\/div>\n\t\t\t\t\n<style>\n#col-1442666140 > .col-inner {\n  margin: 0px 0px -30px 0px;\n}\n<\/style>\n\t<\/div>\n\n\t\n\n\n<style>\n#row-884240462 > .col > .col-inner {\n  padding: 10% 10% 10% 10%;\n  background-color: #161616;\n  border-radius: 20px;\n}\n@media (min-width:550px) {\n  #row-884240462 > .col > .col-inner {\n    padding: 5% 5% 5% 5%;\n  }\n}\n@media (min-width:850px) {\n  #row-884240462 > .col > .col-inner {\n    padding: 2% 2% 2% 2%;\n  }\n}\n<\/style>\n<\/div>\n\t\t<\/div>\n\n\t\t\n<style>\n#section_1356143772 {\n  padding-top: 0px;\n  padding-bottom: 0px;\n  background-color: rgb(247, 247, 247);\n}\n@media (min-width:550px) {\n  #section_1356143772 {\n    padding-top: 0px;\n    padding-bottom: 0px;\n  }\n}\n@media (min-width:850px) {\n  #section_1356143772 {\n    padding-top: 0px;\n    padding-bottom: 0px;\n  }\n}\n<\/style>\n\t<\/section>\n\t\n","protected":false},"excerpt":{"rendered":"","protected":false},"author":2,"featured_media":0,"parent":0,"menu_order":0,"comment_status":"closed","ping_status":"closed","template":"page-blank.php","meta":{"footnotes":""},"class_list":["post-65463","page","type-page","status-publish","hentry"],"_links":{"self":[{"href":"https:\/\/www.magped.us\/es\/wp-json\/wp\/v2\/pages\/65463","targetHints":{"allow":["GET"]}}],"collection":[{"href":"https:\/\/www.magped.us\/es\/wp-json\/wp\/v2\/pages"}],"about":[{"href":"https:\/\/www.magped.us\/es\/wp-json\/wp\/v2\/types\/page"}],"author":[{"embeddable":true,"href":"https:\/\/www.magped.us\/es\/wp-json\/wp\/v2\/users\/2"}],"replies":[{"embeddable":true,"href":"https:\/\/www.magped.us\/es\/wp-json\/wp\/v2\/comments?post=65463"}],"version-history":[{"count":9,"href":"https:\/\/www.magped.us\/es\/wp-json\/wp\/v2\/pages\/65463\/revisions"}],"predecessor-version":[{"id":68097,"href":"https:\/\/www.magped.us\/es\/wp-json\/wp\/v2\/pages\/65463\/revisions\/68097"}],"wp:attachment":[{"href":"https:\/\/www.magped.us\/es\/wp-json\/wp\/v2\/media?parent=65463"}],"curies":[{"name":"wp","href":"https:\/\/api.w.org\/{rel}","templated":true}]}}