{"id":65466,"date":"2024-10-01T01:59:14","date_gmt":"2024-10-01T08:59:14","guid":{"rendered":"https:\/\/www.magped.us\/shipping\/"},"modified":"2025-09-12T01:40:36","modified_gmt":"2025-09-12T08:40:36","slug":"shipping","status":"publish","type":"page","link":"https:\/\/www.magped.us\/es\/shipping\/","title":{"rendered":"Shipping"},"content":{"rendered":"\n\t<section class=\"section\" id=\"section_489860680\">\n\t\t<div class=\"section-bg fill\" >\n\t\t\t\t\t\t\t\t\t\n\t\t\t\n\n\t\t<\/div>\n\n\t\t\n\n\t\t<div class=\"section-content relative\">\n\t\t\t\n\t<div id=\"gap-609451431\" class=\"gap-element clearfix\" style=\"display:block; height:auto;\">\n\t\t\n<style>\n#gap-609451431 {\n  padding-top: 30px;\n}\n@media (min-width:550px) {\n  #gap-609451431 {\n    padding-top: 20px;\n  }\n}\n<\/style>\n\t<\/div>\n\t\n<div class=\"row align-center\"  id=\"row-812928360\">\n\n\t<div id=\"col-1658280250\" class=\"col medium-6 small-12 large-5\"  data-animate=\"bounceInUp\">\n\t\t\t\t<div class=\"col-inner text-center\"  >\n\t\t\t\n\t\t\t\n\t<div id=\"text-4121691064\" class=\"text collapse\">\n\t\t\n<p>Ayuda<br \/>\n\t\t\t<\/div>\n\t\n\t<div id=\"gap-990907861\" class=\"gap-element clearfix\" style=\"display:block; height:auto;\">\n\t\t\n<style>\n#gap-990907861 {\n  padding-top: 10px;\n}\n<\/style>\n\t<\/div>\n\t\n\t<div id=\"text-4278342318\" class=\"text collapse h2\">\n\t\t\n<p>Env\u00edo<br \/>\n\t\t\n<style>\n#text-4278342318 {\n  font-size: 1.75rem;\n}\n@media (min-width:550px) {\n  #text-4278342318 {\n    font-size: 2.5rem;\n  }\n}\n<\/style>\n\t<\/div>\n\t\n\t\t<\/div>\n\t\t\t\t\n<style>\n#col-1658280250 > .col-inner {\n  margin: 0px 0px 15px 0px;\n}\n<\/style>\n\t<\/div>\n\n\t\n<\/div>\n\t\t<\/div>\n\n\t\t\n<style>\n#section_489860680 {\n  padding-top: 10px;\n  padding-bottom: 10px;\n  min-height: 0px;\n  background-color: rgb(255, 255, 255);\n}\n@media (min-width:550px) {\n  #section_489860680 {\n    padding-top: 30px;\n    padding-bottom: 30px;\n  }\n}\n<\/style>\n\t<\/section>\n\t\n\n\t<section class=\"section\" id=\"section_1072147007\">\n\t\t<div class=\"section-bg fill\" >\n\t\t\t\t\t\t\t\t\t\n\t\t\t\n\n\t\t<\/div>\n\n\t\t\n\n\t\t<div class=\"section-content relative\">\n\t\t\t\n\t<div id=\"gap-1497276759\" class=\"gap-element clearfix\" style=\"display:block; height:auto;\">\n\t\t\n<style>\n#gap-1497276759 {\n  padding-top: 55px;\n}\n@media (min-width:550px) {\n  #gap-1497276759 {\n    padding-top: 70px;\n  }\n}\n@media (min-width:850px) {\n  #gap-1497276759 {\n    padding-top: 75px;\n  }\n}\n<\/style>\n\t<\/div>\n\t\n<div class=\"row align-center\"  id=\"row-1212275394\">\n\n\t<div id=\"col-252448878\" class=\"col medium-12 small-12 large-3\"  >\n\t\t<div class=\"is-sticky-column\"><div class=\"is-sticky-column__inner\">\t\t<div class=\"col-inner\" style=\"background-color:rgb(255, 255, 255);\" >\n\t\t\t\n\t\t\t\n\t<div class=\"ux-menu stack stack-col justify-start\">\n\t\t\n\n\t<div class=\"ux-menu-link flex menu-item\">\n\t\t<a class=\"ux-menu-link__link flex\" href=\"https:\/\/www.magped.us\/faq\/\" >\n\t\t\t\t\t\t<span class=\"ux-menu-link__text\">\n\t\t\t\tPreguntas Frecuentes\t\t\t<\/span>\n\t\t<\/a>\n\t<\/div>\n\t\n\n\t<div class=\"ux-menu-link flex menu-item\">\n\t\t<a class=\"ux-menu-link__link flex\" href=\"https:\/\/www.magped.us\/shippings\/\" >\n\t\t\t\t\t\t<span class=\"ux-menu-link__text\">\n\t\t\t\tEnv\u00edo\t\t\t<\/span>\n\t\t<\/a>\n\t<\/div>\n\t\n\n\t<div class=\"ux-menu-link flex menu-item\">\n\t\t<a class=\"ux-menu-link__link flex\" href=\"https:\/\/www.magped.us\/returns\/\" >\n\t\t\t\t\t\t<span class=\"ux-menu-link__text\">\n\t\t\t\tPol\u00edtica de anulaci\u00f3n\t\t\t<\/span>\n\t\t<\/a>\n\t<\/div>\n\t\n\n\t<div class=\"ux-menu-link flex menu-item\">\n\t\t<a class=\"ux-menu-link__link flex\" href=\"https:\/\/www.magped.us\/payments\/\" >\n\t\t\t\t\t\t<span class=\"ux-menu-link__text\">\n\t\t\t\tPayment\t\t\t<\/span>\n\t\t<\/a>\n\t<\/div>\n\t\n\n\t<div class=\"ux-menu-link flex menu-item\">\n\t\t<a class=\"ux-menu-link__link flex\" href=\"https:\/\/www.magped.us\/general-terms-and-conditions\/\" >\n\t\t\t\t\t\t<span class=\"ux-menu-link__text\">\n\t\t\t\tCondiciones generales\t\t\t<\/span>\n\t\t<\/a>\n\t<\/div>\n\t\n\n\t<div class=\"ux-menu-link flex menu-item\">\n\t\t<a class=\"ux-menu-link__link flex\" href=\"https:\/\/www.magped.us\/privacy-policy\/\" >\n\t\t\t\t\t\t<span class=\"ux-menu-link__text\">\n\t\t\t\tInformaci\u00f3n sobre protecci\u00f3n de datos\t\t\t<\/span>\n\t\t<\/a>\n\t<\/div>\n\t\n\n\t<div class=\"ux-menu-link flex menu-item\">\n\t\t<a class=\"ux-menu-link__link flex\" href=\"https:\/\/www.magped.us\/legal_notice\/\" >\n\t\t\t\t\t\t<span class=\"ux-menu-link__text\">\n\t\t\t\tPie de imprenta\t\t\t<\/span>\n\t\t<\/a>\n\t<\/div>\n\t\n\n\t<div class=\"ux-menu-link flex menu-item\">\n\t\t<a class=\"ux-menu-link__link flex\" href=\"https:\/\/www.magped.us\/contact\/\" >\n\t\t\t\t\t\t<span class=\"ux-menu-link__text\">\n\t\t\t\tContact\t\t\t<\/span>\n\t\t<\/a>\n\t<\/div>\n\t\n\n\n\t<\/div>\n\t\n\t\t<\/div>\n\t\t<\/div><\/div>\t\t\n<style>\n#col-252448878 > .is-sticky-column > .is-sticky-column__inner > .col-inner {\n  padding: 10% 10% 7% 10%;\n  margin: 0px 0px 25px 0px;\n  border-radius: 20px;\n}\n@media (min-width:550px) {\n  #col-252448878 > .is-sticky-column > .is-sticky-column__inner > .col-inner {\n    padding: 5% 5% 5% 5%;\n  }\n}\n@media (min-width:850px) {\n  #col-252448878 > .is-sticky-column > .is-sticky-column__inner > .col-inner {\n    padding: 12% 15% 12% 15%;\n  }\n}\n<\/style>\n\t<\/div>\n\n\t\n\n\t<div id=\"col-1224924315\" class=\"col medium-12 small-12 large-9 medium-col-first\"  >\n\t\t\t\t<div class=\"col-inner\"  >\n\t\t\t\n\t\t\t\n<h3 style=\"font-weight: 400;\">Env\u00edos a EE. UU.<\/h3>\n<p style=\"font-weight: 400;\">Realizamos env\u00edos con <strong>derechos de aduana pagados<\/strong> a EE. UU. y Puerto Rico a trav\u00e9s de empresas de mensajer\u00eda l\u00edderes en el sector. Una vez que nuestro equipo haya procesado su pedido, recibir\u00e1 un correo electr\u00f3nico generado autom\u00e1ticamente por nuestro sistema con el n\u00famero de seguimiento. Los paquetes suelen llegar en un plazo de 5 a 9 d\u00edas laborables, dependiendo del servicio que haya elegido al finalizar la compra.  <\/p>\n<p style=\"font-weight: 400;\">A continuaci\u00f3n, encontrar\u00e1 informaci\u00f3n sobre nuestra nueva pol\u00edtica de env\u00edos a EE. UU. y los gastos de entrega con derechos pagados a partir del 29 de agosto de 2025.<\/p>\n<h3 style=\"font-weight: 400;\">\u00bfQu\u00e9 ocurre si no estoy en casa?<\/h3>\n<p style=\"font-weight: 400;\">Los paquetes suelen dejarse en la puerta de entrada o seg\u00fan se indique en la secci\u00f3n de notas del cliente durante el proceso de pago. El mensajero dejar\u00e1 un aviso de entrega si el primer intento de entrega no tiene \u00e9xito. <\/p>\n<h3 style=\"font-weight: 400;\">Env\u00edos a Canad\u00e1 y M\u00e9xico<\/h3>\n<p style=\"font-weight: 400;\">Realizamos env\u00edos desde Vancouver, Columbia Brit\u00e1nica, al resto de Canad\u00e1 y a M\u00e9xico a trav\u00e9s de Canada Post Expedited Parcel o del servicio de mensajer\u00eda que elijas al finalizar la compra. Una vez que nuestro equipo haya procesado tu pedido, recibir\u00e1s un correo electr\u00f3nico generado autom\u00e1ticamente por nuestro sistema con el n\u00famero de seguimiento. Los paquetes canadienses suelen llegar en un plazo de 2 a 7 d\u00edas h\u00e1biles, dependiendo de la provincia en la que te encuentres (las provincias del este tardan m\u00e1s). Los paquetes mexicanos pueden tardar hasta 10 d\u00edas h\u00e1biles, dependiendo del procesamiento de la aduana.   <\/p>\n<h3>\u00bfC\u00f3mo puedo anular mi pedido?<\/h3>\n<p>Env\u00edenos un mensaje con su nombre completo, correo electr\u00f3nico y n\u00famero de pedido a trav\u00e9s <a href=\"https:\/\/www.magped.us\/es\/contact-2\/\">del formulario de contacto<\/a> y nos aseguraremos de que su solicitud de cancelaci\u00f3n sea atendida inmediatamente.<\/p>\n<h3 style=\"font-weight: 400;\">Preguntas frecuentes sobre env\u00edos a EE. UU. | Actualizaci\u00f3n de la pol\u00edtica de env\u00edos a partir del 29 de agosto de 2025<strong> <\/strong><\/h3>\n<ol>\n<li style=\"font-weight: 400;\"><strong> \u00bfQu\u00e9 cambios se producir\u00e1n para los clientes estadounidenses a partir del 29 de agosto de 2025?<\/strong><\/li>\n<\/ol>\n<p style=\"font-weight: 400;\">El gobierno de EE. UU. va a poner fin a la exenci\u00f3n <em>De Minimis<\/em> para importaciones inferiores a 800 d\u00f3lares. Esto significa que todos los pedidos de Magped enviados a EE. UU. estar\u00e1n ahora sujetos a aranceles, derechos e impuestos aduaneros. <\/p>\n<ol start=\"2\">\n<li style=\"font-weight: 400;\"><strong> \u00bfC\u00f3mo est\u00e1 gestionando Magped este cambio?<\/strong><\/li>\n<\/ol>\n<p style=\"font-weight: 400;\">Para que su experiencia sea perfecta, estamos:<\/p>\n<ul style=\"font-weight: 400;\">\n<li><strong>Abrir un almac\u00e9n<\/strong> en EE. UU. para que sus pedidos se env\u00eden a nivel nacional y evitar retrasos en la frontera.<\/li>\n<li>Env\u00edo de todos los pedidos con <strong>derechos de aduana pagados (DDP)<\/strong>, lo que significa que los aranceles de importaci\u00f3n necesarios se incluyen en el momento de la compra, sin sorpresas posteriores en la factura.<\/li>\n<\/ul>\n<ol start=\"3\">\n<li style=\"font-weight: 400;\"><strong> \u00bfPor qu\u00e9 veo un cargo adicional del 10 % al finalizar la compra?<\/strong><\/li>\n<\/ol>\n<p style=\"font-weight: 400;\">Magped ahora debe pagar un <strong>18 % en aranceles y derechos<\/strong> para importar productos a los Estados Unidos. <strong>La tarifa del 10 %<\/strong> que se aplica al momento del pago nos ayuda a cubrir una parte de estos costos aduaneros y administrativos adicionales, al tiempo que garantizamos que la entrega siga siendo r\u00e1pida y sin complicaciones. <\/p>\n<ol start=\"4\">\n<li style=\"font-weight: 400;\"><strong> \u00bfTendr\u00e9 que pagar alg\u00fan cargo adicional cuando llegue mi pedido?<\/strong><\/li>\n<\/ol>\n<p style=\"font-weight: 400;\">No. Dado que realizamos <strong>env\u00edos con derechos de aduana pagados<\/strong>, todos los gastos necesarios se abonan al finalizar la compra. No recibir\u00e1s facturas sorpresa de los servicios de mensajer\u00eda ni de las aduanas.  <\/p>\n<ol start=\"5\">\n<li style=\"font-weight: 400;\"><strong> \u00bfPor qu\u00e9 Magped no puede absorber el coste total de los aranceles?<\/strong><\/li>\n<\/ol>\n<p style=\"font-weight: 400;\">Nos gustar\u00eda poder hacerlo. Desgraciadamente, la eliminaci\u00f3n de <em>De Minimis<\/em> y los nuevos requisitos de importaci\u00f3n aumentan considerablemente nuestros costes operativos. La tasa del 10 % nos permite seguir suministrando los productos Magped a los ciclistas estadounidenses de forma fiable y sin cargos ocultos, al tiempo que mantenemos unos precios lo m\u00e1s justos posible.  <\/p>\n<ol start=\"6\">\n<li style=\"font-weight: 400;\"><strong> \u00bfD\u00f3nde puedo obtener m\u00e1s informaci\u00f3n sobre estos cambios en la importaci\u00f3n?<\/strong><\/li>\n<\/ol>\n<p style=\"font-weight: 400;\">Puede obtener m\u00e1s informaci\u00f3n sobre la eliminaci\u00f3n de las normas de importaci\u00f3n <em>De Minimis<\/em> por parte del Gobierno de los Estados Unidos<a href=\"https:\/\/flavorcloud.com\/the-end-of-the-u-s-800-de-minimis-rule-what-it-means-for-consumers\/\" target=\"_blank\" rel=\"noopener\"> aqu\u00ed<\/a>.<\/p>\n<p style=\"font-weight: 400;\">Nos comprometemos a que tus productos Magped lleguen r\u00e1pidamente, de <strong>forma transparente y sin complicaciones<\/strong>, incluso con estas nuevas regulaciones de importaci\u00f3n de EE. UU. \u00a1Valoramos mucho tu confianza y estamos aqu\u00ed para ayudarte! <\/p>\n\t\t<\/div>\n\t\t\t\t\n<style>\n#col-1224924315 > .col-inner {\n  padding: 0px 0px 0% 0px;\n  border-radius: 30px;\n}\n@media (min-width:550px) {\n  #col-1224924315 > .col-inner {\n    padding: 0px 0px 0px 0px;\n  }\n}\n@media (min-width:850px) {\n  #col-1224924315 > .col-inner {\n    padding: 0px 0px 0px 6%;\n  }\n}\n<\/style>\n\t<\/div>\n\n\t\n<\/div>\n\t<div id=\"gap-726741923\" class=\"gap-element clearfix\" style=\"display:block; height:auto;\">\n\t\t\n<style>\n#gap-726741923 {\n  padding-top: 20px;\n}\n@media (min-width:550px) {\n  #gap-726741923 {\n    padding-top: 50px;\n  }\n}\n<\/style>\n\t<\/div>\n\t\n<div class=\"row align-center\"  id=\"row-1393647584\">\n\n\n\t<div id=\"col-917206351\" class=\"col small-12 large-12\"  >\n\t\t\t\t<div class=\"col-inner dark\"  >\n\t\t\t\n\t\t\t\n\n<div class=\"row row-collapse align-middle\"  id=\"row-1566350449\">\n\n\n\t<div id=\"col-1406783319\" class=\"col medium-12 small-12 large-8\"  >\n\t\t\t\t<div class=\"col-inner\"  >\n\t\t\t\n\t\t\t\n\n<div class=\"row row-collapse align-middle align-center\"  id=\"row-435935961\">\n\n\n\t<div id=\"col-403029854\" class=\"col medium-12 small-12 large-3\"  >\n\t\t\t\t<div class=\"col-inner text-left\"  >\n\t\t\t\n\t\t\t\n\n\t<div id=\"stack-26056935\" class=\"stack stack-row justify-start items-stretch md:justify-center\">\n\t\t\n\n\t<div id=\"text-3073308264\" class=\"text round-corners collapse\">\n\t\t\n\n<p><img loading=\"lazy\" decoding=\"async\" class=\"alignnone wp-image-1269\" src=\"\/wp-content\/uploads\/2024\/10\/any_questions.jpg\" alt=\"\" width=\"135\" height=\"94\"><\/p>\n\t\t\t<\/div>\n\t\n\n\t\t\n<style>\n#stack-26056935 > * {\n  --stack-gap: 0rem;\n}\n<\/style>\n\t<\/div>\n\t\n\n\t\t<\/div>\n\t\t\t\t\t<\/div>\n\n\t\n\n\t<div id=\"col-798623456\" class=\"col medium-9 small-12 large-9\"  >\n\t\t\t\t<div class=\"col-inner\"  >\n\t\t\t\n\t\t\t\n\n\t<div id=\"text-65949994\" class=\"text h3 collapse\">\n\t\t\n\n\u00bfAlguna pregunta?\n\t\t\n<style>\n#text-65949994 {\n  text-align: center;\n}\n@media (min-width:850px) {\n  #text-65949994 {\n    text-align: left;\n  }\n}\n<\/style>\n\t<\/div>\n\t\n\t<div id=\"gap-145097058\" class=\"gap-element clearfix\" style=\"display:block; height:auto;\">\n\t\t\n<style>\n#gap-145097058 {\n  padding-top: 10px;\n}\n<\/style>\n\t<\/div>\n\t\n\n\t<div id=\"text-256379548\" class=\"text collapse\">\n\t\t\n\nEstamos a su disposici\u00f3n 24 horas al d\u00eda, 7 d\u00edas a la semana.\n\t\t\n<style>\n#text-256379548 {\n  text-align: center;\n}\n@media (min-width:850px) {\n  #text-256379548 {\n    text-align: left;\n  }\n}\n<\/style>\n\t<\/div>\n\t\n\n\t\t<\/div>\n\t\t\t\t\n<style>\n#col-798623456 > .col-inner {\n  padding: 30px 0px 0px 0px;\n  margin: 0px 0px 0px 0px;\n}\n@media (min-width:550px) {\n  #col-798623456 > .col-inner {\n    padding: 20px 0px 0px 0px;\n  }\n}\n@media (min-width:850px) {\n  #col-798623456 > .col-inner {\n    padding: 0px 0px 0px 0px;\n  }\n}\n<\/style>\n\t<\/div>\n\n\t\n\n<\/div>\n\n\t\t<\/div>\n\t\t\t\t\n<style>\n#col-1406783319 > .col-inner {\n  padding: 0px 0px 30px 0px;\n}\n@media (min-width:850px) {\n  #col-1406783319 > .col-inner {\n    padding: 0px 0px 0px 0px;\n  }\n}\n<\/style>\n\t<\/div>\n\n\t\n\n\t<div id=\"col-2055287155\" class=\"col medium-12 small-12 large-4\"  >\n\t\t\t\t<div class=\"col-inner\"  >\n\t\t\t\n\t\t\t\n\n\t<div id=\"stack-2598858990\" class=\"stack stack-row justify-center items-stretch sm:stack-col\">\n\t\t\n\n<a href=\"https:\/\/www.magped.us\/contact\/\" class=\"button secondary is-large collapse\">\n\t\t<span>Contacto magped<\/span>\n\t<\/a>\n\n\n\n\t\t\n<style>\n#stack-2598858990 > * {\n  --stack-gap: 0.5rem;\n}\n<\/style>\n\t<\/div>\n\t\n\n\t\t<\/div>\n\t\t\t\t\t<\/div>\n\n\t\n\n\n<style>\n#row-1566350449 > .col > .col-inner {\n  border-radius: 20px;\n}\n<\/style>\n<\/div>\n\n\t\t<\/div>\n\t\t\t\t\n<style>\n#col-917206351 > .col-inner {\n  margin: 0px 0px -30px 0px;\n}\n<\/style>\n\t<\/div>\n\n\t\n\n\n<style>\n#row-1393647584 > .col > .col-inner {\n  padding: 10% 10% 10% 10%;\n  background-color: #161616;\n  border-radius: 20px;\n}\n@media (min-width:550px) {\n  #row-1393647584 > .col > .col-inner {\n    padding: 5% 5% 5% 5%;\n  }\n}\n@media (min-width:850px) {\n  #row-1393647584 > .col > .col-inner {\n    padding: 2% 2% 2% 2%;\n  }\n}\n<\/style>\n<\/div>\n\t\t<\/div>\n\n\t\t\n<style>\n#section_1072147007 {\n  padding-top: 0px;\n  padding-bottom: 0px;\n  background-color: rgb(247, 247, 247);\n}\n@media (min-width:550px) {\n  #section_1072147007 {\n    padding-top: 0px;\n    padding-bottom: 0px;\n  }\n}\n@media (min-width:850px) {\n  #section_1072147007 {\n    padding-top: 0px;\n    padding-bottom: 0px;\n  }\n}\n<\/style>\n\t<\/section>\n\t\n","protected":false},"excerpt":{"rendered":"","protected":false},"author":2,"featured_media":0,"parent":0,"menu_order":0,"comment_status":"closed","ping_status":"closed","template":"page-blank.php","meta":{"footnotes":""},"class_list":["post-65466","page","type-page","status-publish","hentry"],"_links":{"self":[{"href":"https:\/\/www.magped.us\/es\/wp-json\/wp\/v2\/pages\/65466","targetHints":{"allow":["GET"]}}],"collection":[{"href":"https:\/\/www.magped.us\/es\/wp-json\/wp\/v2\/pages"}],"about":[{"href":"https:\/\/www.magped.us\/es\/wp-json\/wp\/v2\/types\/page"}],"author":[{"embeddable":true,"href":"https:\/\/www.magped.us\/es\/wp-json\/wp\/v2\/users\/2"}],"replies":[{"embeddable":true,"href":"https:\/\/www.magped.us\/es\/wp-json\/wp\/v2\/comments?post=65466"}],"version-history":[{"count":6,"href":"https:\/\/www.magped.us\/es\/wp-json\/wp\/v2\/pages\/65466\/revisions"}],"predecessor-version":[{"id":67273,"href":"https:\/\/www.magped.us\/es\/wp-json\/wp\/v2\/pages\/65466\/revisions\/67273"}],"wp:attachment":[{"href":"https:\/\/www.magped.us\/es\/wp-json\/wp\/v2\/media?parent=65466"}],"curies":[{"name":"wp","href":"https:\/\/api.w.org\/{rel}","templated":true}]}}