{"id":65476,"date":"2018-05-27T15:28:31","date_gmt":"2018-05-27T22:28:31","guid":{"rendered":"https:\/\/www.magped.us\/politica-de-anulacion\/"},"modified":"2018-05-27T15:28:31","modified_gmt":"2018-05-27T22:28:31","slug":"politica-de-anulacion","status":"publish","type":"page","link":"https:\/\/www.magped.us\/es\/politica-de-anulacion\/","title":{"rendered":"Pol\u00edtica de anulaci\u00f3n"},"content":{"rendered":"<div id=\"pl-179\" class=\"panel-layout\">\n<div id=\"pg-179-0\" class=\"panel-grid panel-no-style\">\n<div id=\"pgc-179-0-0\" class=\"panel-grid-cell\" data-weight=\"1\">\n<div id=\"panel-179-0-0-0\" class=\"so-panel widget widget_sow-editor panel-first-child panel-last-child\" data-index=\"0\" data-style=\"{\"background_image_attachment\":false,\"background_display\":\"tile\"}\">\n<div class=\"so-widget-sow-editor so-widget-sow-editor-base\">\n<div class=\"siteorigin-widget-tinymce textwidget\">\n<h1><span style=\"color: #95c121;\">POL\u00cdTICA DE CANCELACI\u00d3N<\/span><\/h1>\n<h3>DERECHO DE CANCELACI\u00d3N PARA LOS CONSUMIDORES:<\/h3>\n<p>Los consumidores tienen derecho a rescindir este contrato en un plazo de catorce d\u00edas sin indicar el motivo. El plazo de desistimiento es de catorce d\u00edas a partir de la fecha en que usted, o un tercero nombrado por usted que no sea el transportista, tom\u00f3 posesi\u00f3n de la \u00faltima mercanc\u00eda o de la \u00faltima entrega parcial. Para ejercer su derecho de cancelaci\u00f3n, debe informarnos de su decisi\u00f3n de cancelar este contrato mediante una declaraci\u00f3n clara por escrito (por ejemplo, a trav\u00e9s de una carta enviada por correo certificado, un fax o un correo electr\u00f3nico). Para ello, puede utilizar el modelo de anulaci\u00f3n adjunto. Para proteger el plazo de cancelaci\u00f3n, basta con enviar la notificaci\u00f3n de ejecuci\u00f3n del derecho de cancelaci\u00f3n antes de que finalice el plazo de cancelaci\u00f3n. Consecuencias de la anulaci\u00f3n: Si rescinde el presente contrato, le reembolsaremos todos los pagos que hayamos recibido de usted, incluidos los gastos de entrega (excluidos los gastos adicionales que se produzcan en caso de que haya elegido una modalidad de entrega distinta a la modalidad de entrega est\u00e1ndar ofrecida por nosotros), sin demora y a m\u00e1s tardar en un plazo de catorce d\u00edas a partir de la fecha en que recibamos una notificaci\u00f3n por escrito de su rescisi\u00f3n del presente contrato. Para reembolsar su pago, utilizaremos el mismo m\u00e9todo que utiliz\u00f3 para realizar la transacci\u00f3n original, a menos que se haya acordado expresamente con usted otro m\u00e9todo, y en ning\u00fan caso se le cobrar\u00e1 ninguna comisi\u00f3n como consecuencia de este reembolso. No obstante, podemos negarnos a efectuar el reembolso hasta que hayamos recibido los productos sin usar y sin da\u00f1os o hasta que usted haya presentado una prueba de que ha devuelto los productos sin usar y sin da\u00f1os. Deber\u00e1 devolver o entregar los bienes sin demora y, en cualquier caso, en un plazo de catorce d\u00edas a partir de la fecha en que nos comunique la rescisi\u00f3n del presente contrato. El plazo de desistimiento queda garantizado si devuelve la mercanc\u00eda antes de que expire el plazo de catorce d\u00edas. Usted ser\u00e1 el \u00fanico responsable de los costes directos de devoluci\u00f3n de las mercanc\u00edas. Usted s\u00f3lo ser\u00e1 responsable de la disminuci\u00f3n de valor de los bienes si esta p\u00e9rdida es consecuencia real de una manipulaci\u00f3n innecesaria de los bienes por su parte para comprobar sus caracter\u00edsticas, propiedades, prestaciones y funcionamiento.<\/p>\n<h3>PLANTILLA DE CANCELACI\u00d3N EST\u00c1NDAR:<\/h3>\n<p>If you wish to cancel the contract, please complete this form and return it to us: Send [by registered mail, email or fax as per company information] to: \u2022 I\/We (*) hereby cancel the contract which I\/We (*) have entered into for the purchase of the following goods (*) \u2022 Ordered on (*)\/Received on (*) \u2022 Name of the consumer(s) \u2022 Address of the consumer(s) \u2022 Signature of the consumer(s) (only for notification on paper) \u2022 Date<\/p>\n<\/div>\n<\/div>\n<\/div>\n<\/div>\n<\/div>\n<\/div>\n","protected":false},"excerpt":{"rendered":"<p>POL\u00cdTICA DE CANCELACI\u00d3N DERECHO DE CANCELACI\u00d3N PARA LOS CONSUMIDORES: Los consumidores tienen derecho a rescindir este contrato en un plazo de catorce d\u00edas sin indicar el motivo. El plazo de desistimiento es de catorce d\u00edas a partir de la fecha en que usted, o un tercero nombrado por usted que no sea el transportista, tom\u00f3&#8230;<\/p>\n","protected":false},"author":1,"featured_media":0,"parent":0,"menu_order":0,"comment_status":"closed","ping_status":"closed","template":"","meta":{"footnotes":""},"class_list":["post-65476","page","type-page","status-publish","hentry"],"_links":{"self":[{"href":"https:\/\/www.magped.us\/es\/wp-json\/wp\/v2\/pages\/65476","targetHints":{"allow":["GET"]}}],"collection":[{"href":"https:\/\/www.magped.us\/es\/wp-json\/wp\/v2\/pages"}],"about":[{"href":"https:\/\/www.magped.us\/es\/wp-json\/wp\/v2\/types\/page"}],"author":[{"embeddable":true,"href":"https:\/\/www.magped.us\/es\/wp-json\/wp\/v2\/users\/1"}],"replies":[{"embeddable":true,"href":"https:\/\/www.magped.us\/es\/wp-json\/wp\/v2\/comments?post=65476"}],"version-history":[{"count":0,"href":"https:\/\/www.magped.us\/es\/wp-json\/wp\/v2\/pages\/65476\/revisions"}],"wp:attachment":[{"href":"https:\/\/www.magped.us\/es\/wp-json\/wp\/v2\/media?parent=65476"}],"curies":[{"name":"wp","href":"https:\/\/api.w.org\/{rel}","templated":true}]}}