{"id":69038,"date":"2026-01-12T02:41:19","date_gmt":"2026-01-12T10:41:19","guid":{"rendered":"https:\/\/www.magped.us\/blog\/"},"modified":"2026-01-12T04:45:43","modified_gmt":"2026-01-12T12:45:43","slug":"blog","status":"publish","type":"page","link":"https:\/\/www.magped.us\/es\/blog\/","title":{"rendered":"Blog"},"content":{"rendered":"\n\t<section class=\"section\" id=\"section_1253821860\">\n\t\t<div class=\"section-bg fill\" >\n\t\t\t\t\t\t\t\t\t\n\t\t\t\n\n\t\t<\/div>\n\n\t\t\n\n\t\t<div class=\"section-content relative\">\n\t\t\t\n<div class=\"row align-center\"  id=\"row-1473508753\">\n\n\t<div id=\"col-1483098029\" class=\"col medium-9 small-11 large-9\"  data-animate=\"bounceInUp\">\n\t\t\t\t<div class=\"col-inner text-center\"  >\n\t\t\t\n\t\t\t\n\t<div id=\"text-4060973392\" class=\"text tagline body-pastel\">\n\t\t\n<p>EL BLOG DE LA BICICLETA<\/p>\n\t\t\t<\/div>\n\t\n<h1>Behind the Ride \u2013 the magped blog<\/h1>\n\t<div id=\"gap-49657459\" class=\"gap-element clearfix\" style=\"display:block; height:auto;\">\n\t\t\n<style>\n#gap-49657459 {\n  padding-top: 15px;\n}\n<\/style>\n\t<\/div>\n\t\n\t<div id=\"text-2490390230\" class=\"text collapse\">\n\t\t\n<p>Aqu\u00ed encontrar\u00e1s historias, informes de progreso y noticias de magped.<\/p>\n\t\t\t<\/div>\n\t\n\t\t<\/div>\n\t\t\t\t\n<style>\n#col-1483098029 > .col-inner {\n  margin: 0px 0px -30px 0px;\n}\n@media (min-width:550px) {\n  #col-1483098029 > .col-inner {\n    margin: 0px 0px -30px 0px;\n  }\n}\n<\/style>\n\t<\/div>\n\n\t\n<\/div>\n\t\t<\/div>\n\n\t\t\n<style>\n#section_1253821860 {\n  padding-top: 30px;\n  padding-bottom: 30px;\n}\n<\/style>\n\t<\/section>\n\t\n\n\t<section class=\"section\" id=\"section_1801982768\">\n\t\t<div class=\"section-bg fill\" >\n\t\t\t\t\t\t\t\t\t\n\t\t\t\n\n\t\t<\/div>\n\n\t\t\n\n\t\t<div class=\"section-content relative\">\n\t\t\t\n<div class=\"row align-equal align-center\"  id=\"row-159399600\">\n\n\t<div id=\"col-1674661036\" class=\"col medium-10 small-12 large-12\"  >\n\t\t\t\t<div class=\"col-inner\"  >\n\t\t\t\n\t\t\t\n<div class=\"row align-equal\"  id=\"row-454118187\">\n\n\t<div id=\"col-2027780827\" class=\"col medium-12 small-12 large-12\"  >\n\t\t\t\t<div class=\"col-inner\"  >\n\t\t\t\n\t<div class=\"is-border\"\n\t\tstyle=\"border-width:0px 0px 0px 0px;margin:0px 0px 0px 0px;\">\n\t<\/div>\n\t\t\t\n<div class=\"row row-collapse align-middle align-center\"  id=\"row-1677803962\">\n\n\t<div id=\"col-921435883\" class=\"col medium-11 small-12 large-11\"  >\n\t\t\t\t<div class=\"col-inner text-left\"  >\n\t\t\t\n\t\t\t\n\n  \n    <div class=\"row blog-card large-columns-1 medium-columns-1 small-columns-1 has-shadow row-box-shadow-3-hover\" >\n  <div class=\"col post-item\" >\n\t\t\t<div class=\"col-inner\">\n\t\t\t\t<div class=\"box box-vertical box-text-top box-blog-post has-hover\">\n            \t\t\t\t\t<div class=\"box-image\" style=\"width:50%;\">\n  \t\t\t\t\t\t<div class=\"image-cover\" style=\"padding-top:70%;\">\n\t\t\t\t\t\t\t<a href=\"https:\/\/www.magped.us\/es\/posicion-perfecta-del-pedal\/\" class=\"plain\" aria-label=\"Posici\u00f3n perfecta del pedal\">\n\t\t\t\t\t\t\t\t<img loading=\"lazy\" decoding=\"async\" width=\"219\" height=\"300\" src=\"https:\/\/www.magped.us\/wp-content\/uploads\/2026\/02\/foot_position_baseline-219x300.png\" class=\"attachment-medium size-medium wp-post-image\" alt=\"\" srcset=\"https:\/\/www.magped.us\/wp-content\/uploads\/2026\/02\/foot_position_baseline-219x300.png 219w, https:\/\/www.magped.us\/wp-content\/uploads\/2026\/02\/foot_position_baseline-747x1024.png 747w, https:\/\/www.magped.us\/wp-content\/uploads\/2026\/02\/foot_position_baseline-768x1052.png 768w, https:\/\/www.magped.us\/wp-content\/uploads\/2026\/02\/foot_position_baseline.png 864w\" sizes=\"auto, (max-width: 219px) 100vw, 219px\">\t\t\t\t\t\t\t<\/a>\n  \t\t\t\t\t\t\t  \t\t\t\t\t\t\t  \t\t\t\t\t\t<\/div>\n  \t\t\t\t\t\t  \t\t\t\t\t<\/div>\n          \t\t\t\t\t<div class=\"box-text text-left\" style=\"padding:0px 20px 40px 20px;\">\n\t\t\t\t\t<div class=\"box-text-inner blog-post-inner\">\n\n\t\t\t\t\t\n\t\t\t\t\t\t\t\t\t\t\t<p class=\"cat-label tag-label is-xxsmall op-7 uppercase\">\n\t\t\t\t\tHistoria \t\t\t\t\t<\/p>\n\t\t\t\t\t\t\t\t\t\t<h5 class=\"post-title is-large \">\n\t\t\t\t\t\t<a href=\"https:\/\/www.magped.us\/es\/posicion-perfecta-del-pedal\/\" class=\"plain\">Posici\u00f3n perfecta del pedal<\/a>\n\t\t\t\t\t<\/h5>\n\t\t\t\t\t\t\t\t\t\t<div class=\"is-divider\"><\/div>\n\t\t\t\t\t\t\t\t\t\t<p class=\"from_the_blog_excerpt \">\n\t\t\t\t\t\tEl mito de la posici\u00f3n \u00abperfecta\u00bb del pedal (y c\u00f3mo encontrar la tuya) Manos en el manillar, trasero en el sill\u00edn. Pasamos horas obsesionados con la altura del sill\u00edn o la longitud de la potencia, pero a menudo ignoramos el...\t\t\t\t\t<\/p>\n\t\t\t\t\t                    \n\t\t\t\t\t\t\t\t\t\t\t<a href=\"https:\/\/www.magped.us\/es\/posicion-perfecta-del-pedal\/\" class=\"button primary is-link is-large mb-0\">\n\t\t\t\t\t\t\t...al art\u00edculo\t\t\t\t\t\t<\/a>\n\t\t\t\t\t\n\t\t\t\t\t\n\t\t\t\t\t<\/div>\n\t\t\t\t\t<\/div>\n\t\t\t\t\t\t\t\t\t<\/div>\n\t\t\t<\/div>\n\t\t<\/div><div class=\"col post-item\" >\n\t\t\t<div class=\"col-inner\">\n\t\t\t\t<div class=\"box box-vertical box-text-top box-blog-post has-hover\">\n            \t\t\t\t\t<div class=\"box-image\" style=\"width:50%;\">\n  \t\t\t\t\t\t<div class=\"image-cover\" style=\"padding-top:70%;\">\n\t\t\t\t\t\t\t<a href=\"https:\/\/www.magped.us\/es\/ciclismo-con-discapacidad\/\" class=\"plain\" aria-label=\"Ciclismo con discapacidad\">\n\t\t\t\t\t\t\t\t<img loading=\"lazy\" decoding=\"async\" width=\"258\" height=\"300\" src=\"https:\/\/www.magped.us\/wp-content\/uploads\/2026\/01\/Prothese-258x300.jpeg\" class=\"attachment-medium size-medium wp-post-image\" alt=\"\" srcset=\"https:\/\/www.magped.us\/wp-content\/uploads\/2026\/01\/Prothese-258x300.jpeg 258w, https:\/\/www.magped.us\/wp-content\/uploads\/2026\/01\/Prothese-881x1024.jpeg 881w, https:\/\/www.magped.us\/wp-content\/uploads\/2026\/01\/Prothese-768x893.jpeg 768w, https:\/\/www.magped.us\/wp-content\/uploads\/2026\/01\/Prothese.jpeg 1015w\" sizes=\"auto, (max-width: 258px) 100vw, 258px\">\t\t\t\t\t\t\t<\/a>\n  \t\t\t\t\t\t\t  \t\t\t\t\t\t\t  \t\t\t\t\t\t<\/div>\n  \t\t\t\t\t\t  \t\t\t\t\t<\/div>\n          \t\t\t\t\t<div class=\"box-text text-left\" style=\"padding:0px 20px 40px 20px;\">\n\t\t\t\t\t<div class=\"box-text-inner blog-post-inner\">\n\n\t\t\t\t\t\n\t\t\t\t\t\t\t\t\t\t\t<p class=\"cat-label tag-label is-xxsmall op-7 uppercase\">\n\t\t\t\t\tHistoria \t\t\t\t\t<\/p>\n\t\t\t\t\t\t\t\t\t\t<h5 class=\"post-title is-large \">\n\t\t\t\t\t\t<a href=\"https:\/\/www.magped.us\/es\/ciclismo-con-discapacidad\/\" class=\"plain\">Ciclismo con discapacidad<\/a>\n\t\t\t\t\t<\/h5>\n\t\t\t\t\t\t\t\t\t\t<div class=\"is-divider\"><\/div>\n\t\t\t\t\t\t\t\t\t\t<p class=\"from_the_blog_excerpt \">\n\t\t\t\t\t\tCiclismo con discapacidad: \u00bfSon los pedales magn\u00e9ticos la clave para una nueva movilidad? Andar en bicicleta significa mucho m\u00e1s que desplazarse. Para las personas con discapacidades f\u00edsicas, es una puerta hacia una mayor movilidad, independencia y calidad de vida. Ya...\t\t\t\t\t<\/p>\n\t\t\t\t\t                    \n\t\t\t\t\t\t\t\t\t\t\t<a href=\"https:\/\/www.magped.us\/es\/ciclismo-con-discapacidad\/\" class=\"button primary is-link is-large mb-0\">\n\t\t\t\t\t\t\t...al art\u00edculo\t\t\t\t\t\t<\/a>\n\t\t\t\t\t\n\t\t\t\t\t\n\t\t\t\t\t<\/div>\n\t\t\t\t\t<\/div>\n\t\t\t\t\t\t\t\t\t<\/div>\n\t\t\t<\/div>\n\t\t<\/div><div class=\"col post-item\" >\n\t\t\t<div class=\"col-inner\">\n\t\t\t\t<div class=\"box box-vertical box-text-top box-blog-post has-hover\">\n            \t\t\t\t\t<div class=\"box-image\" style=\"width:50%;\">\n  \t\t\t\t\t\t<div class=\"image-cover\" style=\"padding-top:70%;\">\n\t\t\t\t\t\t\t<a href=\"https:\/\/www.magped.us\/es\/ano-nuevo-2026\/\" class=\"plain\" aria-label=\"A\u00f1o Nuevo 2026\">\n\t\t\t\t\t\t\t\t<img loading=\"lazy\" decoding=\"async\" width=\"300\" height=\"219\" src=\"https:\/\/www.magped.us\/wp-content\/uploads\/2026\/01\/happy_new_year_2026_road2-300x219.jpg\" class=\"attachment-medium size-medium wp-post-image\" alt=\"\" srcset=\"https:\/\/www.magped.us\/wp-content\/uploads\/2026\/01\/happy_new_year_2026_road2-300x219.jpg 300w, https:\/\/www.magped.us\/wp-content\/uploads\/2026\/01\/happy_new_year_2026_road2-1024x747.jpg 1024w, https:\/\/www.magped.us\/wp-content\/uploads\/2026\/01\/happy_new_year_2026_road2-768x560.jpg 768w, https:\/\/www.magped.us\/wp-content\/uploads\/2026\/01\/happy_new_year_2026_road2.jpg 1184w\" sizes=\"auto, (max-width: 300px) 100vw, 300px\">\t\t\t\t\t\t\t<\/a>\n  \t\t\t\t\t\t\t  \t\t\t\t\t\t\t  \t\t\t\t\t\t<\/div>\n  \t\t\t\t\t\t  \t\t\t\t\t<\/div>\n          \t\t\t\t\t<div class=\"box-text text-left\" style=\"padding:0px 20px 40px 20px;\">\n\t\t\t\t\t<div class=\"box-text-inner blog-post-inner\">\n\n\t\t\t\t\t\n\t\t\t\t\t\t\t\t\t\t\t<p class=\"cat-label tag-label is-xxsmall op-7 uppercase\">\n\t\t\t\t\tHistoria \t\t\t\t\t<\/p>\n\t\t\t\t\t\t\t\t\t\t<h5 class=\"post-title is-large \">\n\t\t\t\t\t\t<a href=\"https:\/\/www.magped.us\/es\/ano-nuevo-2026\/\" class=\"plain\">A\u00f1o Nuevo 2026<\/a>\n\t\t\t\t\t<\/h5>\n\t\t\t\t\t\t\t\t\t\t<div class=\"is-divider\"><\/div>\n\t\t\t\t\t\t\t\t\t\t<p class=\"from_the_blog_excerpt \">\n\t\t\t\t\t\tA\u00f1o nuevo, nueva confianza: C\u00f3mo los pedales adecuados pueden transformar tus objetivos ciclistas de 2026 Enero est\u00e1 lleno de posibilidades. Nuevas metas, motivaci\u00f3n renovada y el deseo de hacer de este a\u00f1o el mejor hasta ahora. Para muchos ciclistas, los...\t\t\t\t\t<\/p>\n\t\t\t\t\t                    \n\t\t\t\t\t\t\t\t\t\t\t<a href=\"https:\/\/www.magped.us\/es\/ano-nuevo-2026\/\" class=\"button primary is-link is-large mb-0\">\n\t\t\t\t\t\t\t...al art\u00edculo\t\t\t\t\t\t<\/a>\n\t\t\t\t\t\n\t\t\t\t\t\n\t\t\t\t\t<\/div>\n\t\t\t\t\t<\/div>\n\t\t\t\t\t\t\t\t\t<\/div>\n\t\t\t<\/div>\n\t\t<\/div><\/div>\n\t\t<\/div>\n\t\t\t\t\n<style>\n#col-921435883 > .col-inner {\n  padding: 30px 0px 0px 0px;\n}\n<\/style>\n\t<\/div>\n\n\t\n<\/div>\n\t\t<\/div>\n\t\t\t\t\n<style>\n#col-2027780827 > .col-inner {\n  padding: 0px 0px 0px 0px;\n  margin: 0px 0px 0px 0px;\n}\n<\/style>\n\t<\/div>\n\n\t\n\n<style>\n#row-454118187 > .col > .col-inner {\n  padding: 25px 25px 15px 25px;\n  background-color: #f2ece2;\n  border-radius: 20px;\n}\n<\/style>\n<\/div>\n\t\t<\/div>\n\t\t\t\t\n<style>\n#col-1674661036 > .col-inner {\n  margin: 0px 0px -50px 0px;\n}\n<\/style>\n\t<\/div>\n\n\t\n<\/div>\n\t\t<\/div>\n\n\t\t\n<style>\n#section_1801982768 {\n  padding-top: 30px;\n  padding-bottom: 30px;\n}\n<\/style>\n\t<\/section>\n\t\n","protected":false},"excerpt":{"rendered":"","protected":false},"author":2,"featured_media":0,"parent":0,"menu_order":0,"comment_status":"closed","ping_status":"closed","template":"page-blank.php","meta":{"footnotes":""},"class_list":["post-69038","page","type-page","status-publish","hentry"],"_links":{"self":[{"href":"https:\/\/www.magped.us\/es\/wp-json\/wp\/v2\/pages\/69038","targetHints":{"allow":["GET"]}}],"collection":[{"href":"https:\/\/www.magped.us\/es\/wp-json\/wp\/v2\/pages"}],"about":[{"href":"https:\/\/www.magped.us\/es\/wp-json\/wp\/v2\/types\/page"}],"author":[{"embeddable":true,"href":"https:\/\/www.magped.us\/es\/wp-json\/wp\/v2\/users\/2"}],"replies":[{"embeddable":true,"href":"https:\/\/www.magped.us\/es\/wp-json\/wp\/v2\/comments?post=69038"}],"version-history":[{"count":8,"href":"https:\/\/www.magped.us\/es\/wp-json\/wp\/v2\/pages\/69038\/revisions"}],"predecessor-version":[{"id":69059,"href":"https:\/\/www.magped.us\/es\/wp-json\/wp\/v2\/pages\/69038\/revisions\/69059"}],"wp:attachment":[{"href":"https:\/\/www.magped.us\/es\/wp-json\/wp\/v2\/media?parent=69038"}],"curies":[{"name":"wp","href":"https:\/\/api.w.org\/{rel}","templated":true}]}}