{"id":65712,"date":"2024-05-16T22:44:03","date_gmt":"2024-05-17T05:44:03","guid":{"rendered":"https:\/\/www.magped.us\/shop\/clipclap-gravel-2\/"},"modified":"2025-09-25T13:16:29","modified_gmt":"2025-09-25T20:16:29","slug":"clipclap-gravel-2","status":"publish","type":"product","link":"https:\/\/www.magped.us\/es\/shop\/clipclap-gravel-2\/","title":{"rendered":"ClipClap GRAVEL"},"content":{"rendered":"<h2>El adaptador ClipClap te permite usar tu pedal <strong>magped GRAVEL<\/strong> con zapatillas de carretera o deportivas normales.<\/h2>\n<p>El adaptador de pedal autom\u00e1tico ClipClap\u00ae es el primer y \u00fanico adaptador de pedal de bicicleta innovador que permite convertir cualquier calzado de ocio en un calzado autom\u00e1tico profesional. Una conexi\u00f3n fija, pero siempre desmontable, entre el zapato y el pedal no solo garantiza la m\u00e1xima eficiencia de pedaleo, sino tambi\u00e9n mayor seguridad y estabilidad. <\/p>\n<p>El adaptador de pedal autom\u00e1tico consta de una placa base y una correa.<\/p>\n<ul>\n<li><strong>ClipClap\u00ae GRAVEL es compatible con todas las calas modernas de tres orificios, como el pedal magped GRAVEL<\/strong><\/li>\n<\/ul>\n<h3>Especificaciones del producto:<\/h3>\n<ul>\n<li><strong>Materiales:<\/strong> Acero inoxidable, PC reciclado, tubos de bicicleta reciclados, nailon<\/li>\n<li><strong>Peso:<\/strong> 320g<\/li>\n<li><strong>Dimensiones:<\/strong> L 100 x An 90 x Al 45 mm<\/li>\n<\/ul>\n<p><strong>ClipClap\u00ae GRAVEL es compatible con los siguientes sistemas de pedales:<\/strong><\/p>\n<ul>\n<li>Magped GRAVEL, <span style=\"font-size: 14.4px;\">Shimano SPD, Look X-TRACK, Xpedo MTB, Time MTB, Crankbrothers MTB<\/span><\/li>\n<\/ul>\n<h3>Alcance de la entrega ClipClap\u00ae GRAVEL:<\/h3>\n<ul>\n<li>Placa base del adaptador de pedal autom\u00e1tico con placa compuesta N\u00facleo de acero inoxidable<\/li>\n<li>Correa con cierre de velcro, regulador de acero inoxidable y ajuste de tama\u00f1o para tallas de calzado 35-46<\/li>\n<li><strong>Atenci\u00f3n:<\/strong> las placas magped STRONG y POSITIONING no est\u00e1n incluidas<\/li>\n<\/ul>\n<p>tornillos<\/p>\n<ul>\n<li>4x cabeza avellanada M5x10mm<\/li>\n<li>4x cabeza avellanada M5x8mm<\/li>\n<\/ul>\n<p>*\u00a1Las calas o los pedales no est\u00e1n incluidos en el volumen de suministro!<\/p>\n","protected":false},"excerpt":{"rendered":"<p>ClipClap para magped GRAVEL<\/p>\n","protected":false},"featured_media":65043,"template":"","meta":[],"product_brand":[],"product_cat":[74],"product_tag":[],"class_list":{"0":"post-65712","1":"product","2":"type-product","3":"status-publish","4":"has-post-thumbnail","6":"product_cat-accesorios","8":"first","9":"instock","10":"taxable","11":"shipping-taxable","12":"purchasable","13":"product-type-simple"},"_links":{"self":[{"href":"https:\/\/www.magped.us\/es\/wp-json\/wp\/v2\/product\/65712","targetHints":{"allow":["GET"]}}],"collection":[{"href":"https:\/\/www.magped.us\/es\/wp-json\/wp\/v2\/product"}],"about":[{"href":"https:\/\/www.magped.us\/es\/wp-json\/wp\/v2\/types\/product"}],"wp:featuredmedia":[{"embeddable":true,"href":"https:\/\/www.magped.us\/es\/wp-json\/wp\/v2\/media\/65043"}],"wp:attachment":[{"href":"https:\/\/www.magped.us\/es\/wp-json\/wp\/v2\/media?parent=65712"}],"wp:term":[{"taxonomy":"product_brand","embeddable":true,"href":"https:\/\/www.magped.us\/es\/wp-json\/wp\/v2\/product_brand?post=65712"},{"taxonomy":"product_cat","embeddable":true,"href":"https:\/\/www.magped.us\/es\/wp-json\/wp\/v2\/product_cat?post=65712"},{"taxonomy":"product_tag","embeddable":true,"href":"https:\/\/www.magped.us\/es\/wp-json\/wp\/v2\/product_tag?post=65712"}],"curies":[{"name":"wp","href":"https:\/\/api.w.org\/{rel}","templated":true}]}}