{"id":65720,"date":"2022-07-26T05:51:49","date_gmt":"2022-07-26T12:51:49","guid":{"rendered":"https:\/\/www.magped.us\/shop\/tapa\/"},"modified":"2025-09-25T13:47:03","modified_gmt":"2025-09-25T20:47:03","slug":"tapa","status":"publish","type":"product","link":"https:\/\/www.magped.us\/es\/shop\/tapa\/","title":{"rendered":"gorra"},"content":{"rendered":"<p>\u00a1La gorra m\u00e1s c\u00f3moda que jam\u00e1s hayas tenido!<\/p>\n<p>El\u00e1stica y con banda para el sudor integrada<\/p>\n<p>Talla \u00fanica con cierre de Velcro<\/p>\n<p>Transpirable gracias al material de malla<\/p>\n<p>Unisex<\/p>\n","protected":false},"excerpt":{"rendered":"<p>gorra<\/p>\n","protected":false},"featured_media":64951,"template":"","meta":[],"product_brand":[],"product_cat":[74],"product_tag":[],"class_list":{"0":"post-65720","1":"product","2":"type-product","3":"status-publish","4":"has-post-thumbnail","6":"product_cat-accesorios","8":"first","9":"instock","10":"taxable","11":"shipping-taxable","12":"purchasable","13":"product-type-simple"},"_links":{"self":[{"href":"https:\/\/www.magped.us\/es\/wp-json\/wp\/v2\/product\/65720","targetHints":{"allow":["GET"]}}],"collection":[{"href":"https:\/\/www.magped.us\/es\/wp-json\/wp\/v2\/product"}],"about":[{"href":"https:\/\/www.magped.us\/es\/wp-json\/wp\/v2\/types\/product"}],"wp:featuredmedia":[{"embeddable":true,"href":"https:\/\/www.magped.us\/es\/wp-json\/wp\/v2\/media\/64951"}],"wp:attachment":[{"href":"https:\/\/www.magped.us\/es\/wp-json\/wp\/v2\/media?parent=65720"}],"wp:term":[{"taxonomy":"product_brand","embeddable":true,"href":"https:\/\/www.magped.us\/es\/wp-json\/wp\/v2\/product_brand?post=65720"},{"taxonomy":"product_cat","embeddable":true,"href":"https:\/\/www.magped.us\/es\/wp-json\/wp\/v2\/product_cat?post=65720"},{"taxonomy":"product_tag","embeddable":true,"href":"https:\/\/www.magped.us\/es\/wp-json\/wp\/v2\/product_tag?post=65720"}],"curies":[{"name":"wp","href":"https:\/\/api.w.org\/{rel}","templated":true}]}}