{"id":65725,"date":"2022-07-26T00:31:24","date_gmt":"2022-07-26T07:31:24","guid":{"rendered":"https:\/\/www.magped.us\/shop\/grava-magna\/"},"modified":"2026-04-02T08:52:13","modified_gmt":"2026-04-02T15:52:13","slug":"magped-gravel","status":"publish","type":"product","link":"https:\/\/www.magped.us\/es\/shop\/magped-gravel\/","title":{"rendered":"magped GRAVEL"},"content":{"rendered":"<p>Pedal magn\u00e9tico galardonado espec\u00edfico para grava, con cuerpo de pedal <strong>xCarbon<\/strong> y eje de acero o <strong>titanio<\/strong> a elegir.<\/p>\n<h1><strong>magped GRAVEL <\/strong><\/h1>\n<ul>\n<li>cuerpo del pedal fabricado en<strong> xCarbon<\/strong><\/li>\n<li>Eje de titanio o <strong>acero<\/strong><\/li>\n<li>Peso por par: 212 g Titanio &#8211; 262 g Versi\u00f3n acero<\/li>\n<li>Imanes de 200 N &#8211; recomendados para todos los pesos corporales de aproximadamente 45 kg o m\u00e1s<\/li>\n<\/ul>\n<p>Necesitas una zapatilla de MTB para grava o carrera con montaje SPD de 2 agujeros.<\/p>\n<a data-animate=\"fadeInLeft\" href=\"\/shoe_recommendation\/\" class=\"button primary is-outline is-medium\" style=\"border-radius:99px;padding:0px 10px 0px 10px;\">\n\t\t<span>recomendaci\u00f3n de calzado<\/span>\n\t<\/a>\n\n<p><strong>Incluye:<\/strong><\/p>\n<ul>\n<li>Un par de pedales magped GRAVEL (L+R)<\/li>\n<li>Imanes<\/li>\n<li>Placas met\u00e1licas STRONG para zapatillas de bicicleta SPD de 2 agujeros<\/li>\n<li dir=\"ltr\" data-placeholder=\"\u00dcbersetzung\">PLACAS DE POSICIONAMIENTO para zapatillas de bicicleta SPD de 2 agujeros<\/li>\n<li id=\"tw-target-text\" class=\"tw-data-text tw-ta tw-text-medium\" dir=\"ltr\" data-placeholder=\"\u00dcbersetzung\"><span lang=\"en\">Tornillos magn\u00e9ticos<\/span><\/li>\n<li dir=\"ltr\" data-placeholder=\"\u00dcbersetzung\">Llave Allen<\/li>\n<\/ul>\n<p><strong>Dimensiones<\/strong>: largo=86mm ancho=60mm height=19mm<\/p>\n<h3><strong>V\u00eddeos:<\/strong><\/h3>\n<div class=\"aiovg-player-container\" style=\"max-width: 100%;\"><div class=\"aiovg-player aiovg-player-iframe\" style=\"padding-bottom: 56.25%;\"><iframe loading=\"lazy\" src=\"https:\/\/www.magped.us\/player-embed\/id\/58782\/\" title=\"GRAVEL video\" width=\"560\" height=\"315\" frameborder=\"0\" scrolling=\"no\" allow=\"accelerometer; autoplay; clipboard-write; encrypted-media; gyroscope; picture-in-picture; web-share\" allowfullscreen><\/iframe><\/div><\/div><script type=\"application\/ld+json\">{\"@context\":\"https:\\\/\\\/schema.org\",\"@type\":\"VideoObject\",\"@id\":\"https:\\\/\\\/www.magped.us\\\/es\\\/#\\\/schema\\\/video\\\/58782\",\"name\":\"GRAVEL video\",\"thumbnailUrl\":\"https:\\\/\\\/i.vimeocdn.com\\\/video\\\/1882942050-711cf63bf1201c52c7a2f7b8bcde8740e9be648184d1d91bb9f42b4c7fad8e3a-d_295x166?isnew=1\",\"uploadDate\":\"2024-03-11T00:22:28-07:00\",\"embedUrl\":\"https:\\\/\\\/www.magped.us\\\/player-embed\\\/id\\\/58782\\\/\",\"interactionStatistic\":{\"@type\":\"InteractionCounter\",\"interactionType\":{\"@type\":\"http:\\\/\\\/schema.org\\\/WatchAction\"},\"userInteractionCount\":6193}}<\/script>\n<br \/>\n<div class=\"row\"  id=\"row-291242949\">\n\n\t<div id=\"col-656661858\" class=\"col medium-2\/3 large-8\"  >\n\t\t\t\t<div class=\"col-inner\"  >\n\t\t\t\n\t\t\t\n<p>En el v\u00eddeo de configuraci\u00f3n para el pedal magped GRAVEL aprendes a montar las calas, instalar los espaciadores y ajustar la altura del im\u00e1n de forma \u00f3ptima.<\/p>\n<div class=\"video-button-wrapper\"><a href=\"https:\/\/vimeo.com\/803499696\" class=\"button open-video icon circle is-outline is-xlarge\" role=\"button\" aria-label=\"Open video in lightbox\" data-flatsome-role-button><i class=\"icon-play\" aria-hidden=\"true\" style=\"font-size:1.5em;\"><\/i><\/a><\/div>\n<p>En este video de mantenimiento usted aprender\u00e1 c\u00f3mo mantener su pedal y c\u00f3mo los imanes pueden ser reemplazados.<\/p>\n<div class=\"video-button-wrapper\"><a href=\"https:\/\/vimeo.com\/803493793\" class=\"button open-video icon circle is-outline is-xlarge\" role=\"button\" aria-label=\"Open video in lightbox\" data-flatsome-role-button><i class=\"icon-play\" aria-hidden=\"true\" style=\"font-size:1.5em;\"><\/i><\/a><\/div>\n\t\t<\/div>\n\t\t\t\t\t<\/div>\n\n\t\n\n\t<div id=\"col-397959862\" class=\"col medium-1\/3 large-4\"  >\n\t\t\t\t<div class=\"col-inner\"  >\n\t\t\t\n\t\t\t\n<p><a href=\"https:\/\/design-innovation-award.com\/winner\/magped-gravel-pedal\/\" target=\"_blank\" rel=\"noopener\"><img loading=\"lazy\" decoding=\"async\" class=\"alignright wp-image-157835 size-full\" src=\"https:\/\/www.magped.com\/wp-content\/uploads\/2023\/03\/DI-A-2023-logo-300.png\" alt=\"\" width=\"300\" height=\"266\"><\/a><\/p>\n\t\t<\/div>\n\t\t\t\t\t<\/div>\n\n\t\n<\/div>\n","protected":false},"excerpt":{"rendered":"<p>Un par de pedales magped GRAVEL<\/p>\n","protected":false},"featured_media":65051,"template":"","meta":[],"product_brand":[],"product_cat":[73],"product_tag":[],"class_list":{"0":"post-65725","1":"product","2":"type-product","3":"status-publish","4":"has-post-thumbnail","6":"product_cat-pedales","8":"first","9":"instock","10":"taxable","11":"shipping-taxable","12":"purchasable","13":"product-type-variable","14":"has-default-attributes"},"_links":{"self":[{"href":"https:\/\/www.magped.us\/es\/wp-json\/wp\/v2\/product\/65725","targetHints":{"allow":["GET"]}}],"collection":[{"href":"https:\/\/www.magped.us\/es\/wp-json\/wp\/v2\/product"}],"about":[{"href":"https:\/\/www.magped.us\/es\/wp-json\/wp\/v2\/types\/product"}],"wp:featuredmedia":[{"embeddable":true,"href":"https:\/\/www.magped.us\/es\/wp-json\/wp\/v2\/media\/65051"}],"wp:attachment":[{"href":"https:\/\/www.magped.us\/es\/wp-json\/wp\/v2\/media?parent=65725"}],"wp:term":[{"taxonomy":"product_brand","embeddable":true,"href":"https:\/\/www.magped.us\/es\/wp-json\/wp\/v2\/product_brand?post=65725"},{"taxonomy":"product_cat","embeddable":true,"href":"https:\/\/www.magped.us\/es\/wp-json\/wp\/v2\/product_cat?post=65725"},{"taxonomy":"product_tag","embeddable":true,"href":"https:\/\/www.magped.us\/es\/wp-json\/wp\/v2\/product_tag?post=65725"}],"curies":[{"name":"wp","href":"https:\/\/api.w.org\/{rel}","templated":true}]}}