{"id":65728,"date":"2021-08-04T22:38:39","date_gmt":"2021-08-05T05:38:39","guid":{"rendered":"https:\/\/www.magped.us\/shop\/magped-ultra2-2\/"},"modified":"2026-01-30T12:36:16","modified_gmt":"2026-01-30T20:36:16","slug":"magped-ultra2-2","status":"publish","type":"product","link":"https:\/\/www.magped.us\/es\/shop\/magped-ultra2-2\/","title":{"rendered":"magped ULTRA2"},"content":{"rendered":"<h1><strong>ULTRA2<\/strong><\/h1>\n<p>Pedal premium de un solo lado: la versi\u00f3n ultraligera del SPORT2, con eje de<strong> titanio<\/strong> y cuerpo de <strong>magnesio<\/strong>.<\/p>\n<p>Si buscas reducir al m\u00e1ximo el peso de tu configuraci\u00f3n, el ULTRA2 es tu mejor opci\u00f3n. Esta joya es nuestro pedal m\u00e1s ligero, con un cuerpo mecanizado en CNC a partir de un solo bloque de magnesio y eje de titanio. El ULTRA2 es ideal para cross-country, rutas gravel e incluso ciclismo de carretera. Incluye de serie placas de posicionamiento que te ayudan a reconectar el pie en la misma posici\u00f3n cada vez.<\/p>\n<h3><strong>Peso por par:<\/strong><\/h3>\n<ul>\n<li>ULTRA 150: 320 g<\/li>\n<li>ULTRA 200: 328 g<\/li>\n<\/ul>\n<h3><strong>El paquete incluye:<\/strong><\/h3>\n<ul>\n<li>1 par de pedales (I+D) incl. imanes de neodimio<\/li>\n<li>2 placas POSITIONING<\/li>\n<li>Imanes de la fuerza que elija<\/li>\n<li>Placas met\u00e1licas de acero resistentes al \u00f3xido y a la suciedad para zapatillas de bicicleta SPD<\/li>\n<li>Tornillos para placas magn\u00e9ticas en dos longitudes<\/li>\n<li>Llaves Allen<\/li>\n<\/ul>\n<p><strong>Recomendamos zapatillas para bicicleta con suela plana y SPD de dos agujeros con una suela de fina a medianamente gruesa:<\/strong><\/p>\n<a data-animate=\"fadeInRight\" href=\"\/shoe_recommendation\/\" class=\"button primary is-outline is-medium\" style=\"border-radius:99px;padding:0px 10px 0px 10px;\">\n\t\t<span>Recomendaci\u00f3n de calzado<\/span>\n\t<\/a>\n\n<h3><\/h3>\n<h3><strong>Recomendaciones sobre el tama\u00f1o de los imanes:<\/strong><\/h3>\n<ul>\n<li>150N para ciclistas de 50 kg a 84 kg<\/li>\n<li>200N para motoristas de m\u00e1s de 185 lbs o aquellos que buscan el m\u00e1ximo agarre<\/li>\n<\/ul>\n<p><strong>Dimensiones<\/strong>: Largo = 109 mm l Ancho = 85 mm l Altura 17 mm<\/p>\n<h3><strong>V\u00eddeos:<\/strong><\/h3>\n<p>En el v\u00eddeo de configuraci\u00f3n del pedal magped ULTRA2 aprender\u00e1s a montar las calas, instalar los pasadores y ajustar la altura del im\u00e1n de forma \u00f3ptima.<\/p>\n<div class=\"video-button-wrapper\"><a href=\"https:\/\/vimeo.com\/803498137\" class=\"button open-video icon circle is-outline is-xlarge\" role=\"button\" aria-label=\"Open video in lightbox\" data-flatsome-role-button><i class=\"icon-play\" aria-hidden=\"true\" style=\"font-size:1.5em;\"><\/i><\/a><\/div>\n<p>En este v\u00eddeo de mantenimiento aprender\u00e1 a realizar el mantenimiento de su pedal y a sustituir los imanes.<\/p>\n<div class=\"video-button-wrapper\"><a href=\"https:\/\/vimeo.com\/803493793\" class=\"button open-video icon circle is-outline is-xlarge\" role=\"button\" aria-label=\"Open video in lightbox\" data-flatsome-role-button><i class=\"icon-play\" aria-hidden=\"true\" style=\"font-size:1.5em;\"><\/i><\/a><\/div>\n","protected":false},"excerpt":{"rendered":"<p>Un par de pedales magped ULTRA2<\/p>\n","protected":false},"featured_media":64946,"template":"","meta":[],"product_brand":[],"product_cat":[73],"product_tag":[],"class_list":{"0":"post-65728","1":"product","2":"type-product","3":"status-publish","4":"has-post-thumbnail","6":"product_cat-pedales","8":"first","9":"instock","10":"taxable","11":"shipping-taxable","12":"purchasable","13":"product-type-variable","14":"has-default-attributes"},"_links":{"self":[{"href":"https:\/\/www.magped.us\/es\/wp-json\/wp\/v2\/product\/65728","targetHints":{"allow":["GET"]}}],"collection":[{"href":"https:\/\/www.magped.us\/es\/wp-json\/wp\/v2\/product"}],"about":[{"href":"https:\/\/www.magped.us\/es\/wp-json\/wp\/v2\/types\/product"}],"wp:featuredmedia":[{"embeddable":true,"href":"https:\/\/www.magped.us\/es\/wp-json\/wp\/v2\/media\/64946"}],"wp:attachment":[{"href":"https:\/\/www.magped.us\/es\/wp-json\/wp\/v2\/media?parent=65728"}],"wp:term":[{"taxonomy":"product_brand","embeddable":true,"href":"https:\/\/www.magped.us\/es\/wp-json\/wp\/v2\/product_brand?post=65728"},{"taxonomy":"product_cat","embeddable":true,"href":"https:\/\/www.magped.us\/es\/wp-json\/wp\/v2\/product_cat?post=65728"},{"taxonomy":"product_tag","embeddable":true,"href":"https:\/\/www.magped.us\/es\/wp-json\/wp\/v2\/product_tag?post=65728"}],"curies":[{"name":"wp","href":"https:\/\/api.w.org\/{rel}","templated":true}]}}