{"id":65733,"date":"2020-10-04T00:07:04","date_gmt":"2020-10-04T07:07:04","guid":{"rendered":"https:\/\/www.magped.us\/shop\/magped-sport2-2\/"},"modified":"2026-04-02T08:52:13","modified_gmt":"2026-04-02T15:52:13","slug":"magped-sport2-2","status":"publish","type":"product","link":"https:\/\/www.magped.us\/es\/shop\/magped-sport2-2\/","title":{"rendered":"magped SPORT2"},"content":{"rendered":"<h1><strong>SPORT2<\/strong><\/h1>\n<p>Pedal &#8220;multiusos&#8221; de una cara, puede utilizar la otra cara como plano.<\/p>\n<p>Nuestro redise\u00f1ado pedal magn\u00e9tico cl\u00e1sico de una sola cara, el SPORT2 es perfecto para gravel, cross-country y todo lo dem\u00e1s. Ofreciendo el compromiso perfecto entre los pedales planos y de clip, SPORT2 cuenta con un cuerpo de aluminio cortado CNC fuerte y ligero con eje CrMo, sistema de rodamiento mejorado y cuatro colores para elegir. <\/p>\n<h3><strong>Peso por par: <\/strong><\/h3>\n<ul>\n<li>SPORT 100: 420 gramos<\/li>\n<li>SPORT 150: 440 gramos<\/li>\n<li>SPORT 200: 458 gramos<\/li>\n<\/ul>\n<h3><strong>Sus paquetes incluyen:<\/strong><\/h3>\n<ul>\n<li>Un par de pedales magped SPORT2 (L+R) en el color que elijas<\/li>\n<li>Imanes de la fuerza que elija<\/li>\n<li>Placas met\u00e1licas de acero resistentes al \u00f3xido y a la suciedad para zapatillas de bicicleta SPD<\/li>\n<li>Tornillos para placas magn\u00e9ticas en dos longitudes<\/li>\n<li>Llaves Allen<\/li>\n<\/ul>\n<p><strong>Recomendamos zapatillas para bicicleta con suela plana y SPD de dos agujeros con una suela de fina a medianamente gruesa:<\/strong><\/p>\n<a data-animate=\"fadeInRight\" href=\"https:\/\/www.magped.us\/es\/recomendacion-de-calzado\/\" class=\"button primary is-outline is-medium\" style=\"border-radius:99px;padding:0px 10px 0px 10px;\">\n\t\t<span>Recomendaci\u00f3n de calzado<\/span>\n\t<\/a>\n\n<h3><\/h3>\n<h3><strong>Recomendaciones sobre el tama\u00f1o de los imanes:<\/strong><\/h3>\n<ul>\n<li>100N para motoristas de menos de 110 libras<\/li>\n<li>150 N para ciclistas de 50 a 84 kg<\/li>\n<li>200N para motoristas de m\u00e1s de 185 lbs o aquellos que buscan el m\u00e1ximo agarre<\/li>\n<\/ul>\n<p><strong>Dimensiones<\/strong>: Longitud = 104 mm l Anchura = 92 mm l Altura 18 mm<\/p>\n<h3><strong>V\u00eddeos:<\/strong><\/h3>\n<div class=\"aiovg-player-container\" style=\"max-width: 100%;\"><div class=\"aiovg-player aiovg-player-iframe\" style=\"padding-bottom: 56.25%;\"><iframe loading=\"lazy\" src=\"https:\/\/www.magped.us\/player-embed\/id\/56736\/\" title=\"SPORT2 video\" width=\"560\" height=\"315\" frameborder=\"0\" scrolling=\"no\" allow=\"accelerometer; autoplay; clipboard-write; encrypted-media; gyroscope; picture-in-picture; web-share\" allowfullscreen><\/iframe><\/div><\/div><script type=\"application\/ld+json\">{\"@context\":\"https:\\\/\\\/schema.org\",\"@type\":\"VideoObject\",\"@id\":\"https:\\\/\\\/www.magped.us\\\/es\\\/#\\\/schema\\\/video\\\/56736\",\"name\":\"SPORT2 video\",\"thumbnailUrl\":\"https:\\\/\\\/i.vimeocdn.com\\\/video\\\/1016557486-09762964d9c7dc9800461d32bf034d6172fb8f394fb05d21a944843283f5d968-d_640?isnew=1\",\"uploadDate\":\"2024-03-11T08:06:01-07:00\",\"embedUrl\":\"https:\\\/\\\/www.magped.us\\\/player-embed\\\/id\\\/56736\\\/\",\"duration\":\"PT01M02S\",\"interactionStatistic\":{\"@type\":\"InteractionCounter\",\"interactionType\":{\"@type\":\"http:\\\/\\\/schema.org\\\/WatchAction\"},\"userInteractionCount\":12935}}<\/script>\n<br \/>En el v\u00eddeo de configuraci\u00f3n del pedal magped SPORT2 aprender\u00e1s a montar las calas, instalar los pasadores y ajustar la altura del im\u00e1n de forma \u00f3ptima.<\/p>\n<div class=\"video-button-wrapper\"><a href=\"https:\/\/vimeo.com\/803498137\" class=\"button open-video icon circle is-outline is-xlarge\" role=\"button\" aria-label=\"Open video in lightbox\" data-flatsome-role-button><i class=\"icon-play\" aria-hidden=\"true\" style=\"font-size:1.5em;\"><\/i><\/a><\/div>\n<p>En este v\u00eddeo de mantenimiento aprender\u00e1 a realizar el mantenimiento de su pedal y a sustituir los imanes.<\/p>\n<div class=\"video-button-wrapper\"><a href=\"https:\/\/vimeo.com\/803493793\" class=\"button open-video icon circle is-outline is-xlarge\" role=\"button\" aria-label=\"Open video in lightbox\" data-flatsome-role-button><i class=\"icon-play\" aria-hidden=\"true\" style=\"font-size:1.5em;\"><\/i><\/a><\/div>\n","protected":false},"excerpt":{"rendered":"<p>Un par de pedales magped SPORT2<\/p>\n","protected":false},"featured_media":64747,"template":"","meta":[],"product_brand":[],"product_cat":[73],"product_tag":[],"class_list":{"0":"post-65733","1":"product","2":"type-product","3":"status-publish","4":"has-post-thumbnail","6":"product_cat-pedales","8":"first","9":"instock","10":"taxable","11":"shipping-taxable","12":"purchasable","13":"product-type-variable","14":"has-default-attributes"},"_links":{"self":[{"href":"https:\/\/www.magped.us\/es\/wp-json\/wp\/v2\/product\/65733","targetHints":{"allow":["GET"]}}],"collection":[{"href":"https:\/\/www.magped.us\/es\/wp-json\/wp\/v2\/product"}],"about":[{"href":"https:\/\/www.magped.us\/es\/wp-json\/wp\/v2\/types\/product"}],"wp:featuredmedia":[{"embeddable":true,"href":"https:\/\/www.magped.us\/es\/wp-json\/wp\/v2\/media\/64747"}],"wp:attachment":[{"href":"https:\/\/www.magped.us\/es\/wp-json\/wp\/v2\/media?parent=65733"}],"wp:term":[{"taxonomy":"product_brand","embeddable":true,"href":"https:\/\/www.magped.us\/es\/wp-json\/wp\/v2\/product_brand?post=65733"},{"taxonomy":"product_cat","embeddable":true,"href":"https:\/\/www.magped.us\/es\/wp-json\/wp\/v2\/product_cat?post=65733"},{"taxonomy":"product_tag","embeddable":true,"href":"https:\/\/www.magped.us\/es\/wp-json\/wp\/v2\/product_tag?post=65733"}],"curies":[{"name":"wp","href":"https:\/\/api.w.org\/{rel}","templated":true}]}}