{"id":67231,"date":"2025-09-10T01:31:03","date_gmt":"2025-09-10T08:31:03","guid":{"rendered":"https:\/\/www.magped.us\/?post_type=product&#038;p=67231"},"modified":"2026-03-16T23:49:10","modified_gmt":"2026-03-17T06:49:10","slug":"magped-gravity-highfives","status":"publish","type":"product","link":"https:\/\/www.magped.us\/es\/shop\/magped-gravity-highfives\/","title":{"rendered":"magped GRAVITY HIGHFIVES"},"content":{"rendered":"<h1><b>magped x High Fives Foundation \u2013 Edici\u00f3n limitada GRAVITY Pedales<\/b><\/h1>\n<p style=\"font-weight: 400;\">En magped, nos enorgullece apoyar a los atletas adaptados, y hemos visto de primera mano c\u00f3mo nuestros pedales pueden ayudar a los ciclistas con problemas de movilidad a volver a hacer lo que les gusta. Por eso estamos encantados de colaborar con la incre\u00edble High Fives Foundation para lanzar una edici\u00f3n limitada del pedal GRAVITY en nuestro acabado naranja m\u00e1s vendido, con el logotipo de High Fives. <\/p>\n<p style=\"font-weight: 400;\">Por cada par vendido, <strong>magped North America donar\u00e1 el 5 %<\/strong> a la <a href=\"https:\/\/www.magped.us\/es\/comunidad\/\">High Fives Foundation<\/a>, ayudando as\u00ed a m\u00e1s atletas a volver a practicar los deportes y las actividades al aire libre que les apasionan. Pedalea con m\u00e1s fuerza. Pedalea con m\u00e1s seguridad. Pedalea con un prop\u00f3sito.   <\/p>\n<h3><b>magped GRAVITY<\/b><\/h3>\n<p>Dise\u00f1ados para los ciclistas m\u00e1s exigentes y los terrenos m\u00e1s abruptos, nuestro pedal GRAVITY es su arma secreta para el ciclismo de descenso. Concebidos para senderos, enduro y especialmente descenso \/ parques de bicicletas, GRAVITY ofrece un control y una confianza sin parang\u00f3n. <\/p>\n<p><strong>GRAVITY vs ENDURO2:<\/strong><\/p>\n<p>Si busca tener el pie conectado m\u00e1s cerca de la parte delantera del pedal que con nuestro ENDURO2, este es el indicado. GRAVITY posiciona estrat\u00e9gicamente el im\u00e1n delante del eje. Este dise\u00f1o innovador permite una posici\u00f3n centrada del pie, exactamente donde se desea estar al abordar descensos pronunciados y caracter\u00edsticas t\u00e9cnicas. Esta postura optimizada mejora el equilibrio, la estabilidad y el control, proporcion\u00e1ndole la ventaja necesaria para superar sus l\u00edmites.   <\/p>\n<p><strong>Construido para soportar condiciones extremas:<\/strong><\/p>\n<p>GRAVITY no est\u00e1 simplemente dise\u00f1ado para el ciclismo exigente; est\u00e1 <em>construido<\/em> para ello. Comenzamos con un bloque s\u00f3lido de aluminio 7075 de grado aeroespacial y lo mecanizamos mediante CNC con tolerancias exactas. Esto resulta en un pedal incre\u00edblemente resistente y sorprendentemente ligero.  <\/p>\n<ul>\n<li><strong>Resistencia sin concesiones:<\/strong> Un eje de acero reforzado de 12 mm que soporta los impactos de saltos masivos y aterrizajes duros, garantizando una fiabilidad inquebrantable<\/li>\n<li><strong>Agarre mejorado:<\/strong> Pins SWITCH agresivos y reemplazables (9mm\/11mm) proporcionan un agarre excepcional y seguridad para el pie, manteni\u00e9ndolo fijo incluso en las condiciones m\u00e1s adversas<\/li>\n<li><strong>Plataforma m\u00e1s amplia:<\/strong> Una plataforma ligeramente m\u00e1s grande que el ENDURO2 ofrece mayor estabilidad y control, permiti\u00e9ndole navegar con confianza por cualquier sendero<\/li>\n<\/ul>\n<p><strong>Caracter\u00edsticas principales:<\/strong><\/p>\n<ul>\n<li><strong>Aluminio 7075 mecanizado por CNC:<\/strong> Forjado a partir de aluminio de grado aeroespacial para una resistencia y durabilidad excepcionales<\/li>\n<li><strong>Pins SWITCH variables (9mm\/11mm):<\/strong> Agarre personalizable para un rendimiento individualizado<\/li>\n<li><strong>Eje reforzado de 12 mm:<\/strong> Construido para soportar cargas e impactos extremos<\/li>\n<li><strong>Ubicaci\u00f3n optimizada del im\u00e1n:<\/strong> Posici\u00f3n centrada del pie para un control superior en descensos<\/li>\n<\/ul>\n<p><strong>Especificaciones:<\/strong><\/p>\n<ul>\n<li><strong>Peso por par (sin pins):<\/strong>\n<ul>\n<li>GRAVITY 150: 488g<\/li>\n<li>GRAVITY 200: 518g<\/li>\n<\/ul>\n<\/li>\n<li><strong>Dimensiones:<\/strong> longitud=112mm anchura=110mm altura=17mm<\/li>\n<\/ul>\n<p>&nbsp;<\/p>\n<p><span style=\"font-size: 120%;\"><strong>Deje de simplemente montar. Empiece a conquistar. Elija magped GRAVITY.  <\/strong><\/span><\/p>\n<p>&nbsp;<\/p>\n<p>Recomendamos zapatos SPD con una suela de fina a media:<\/p>\n<a data-animate=\"fadeInLeft\" href=\"https:\/\/www.magped.us\/es\/recomendacion-de-calzado\/\" class=\"button primary is-outline is-medium\" style=\"border-radius:99px;padding:0px 10px 0px 10px;\">\n\t\t<span>recomendaci\u00f3n de calzado<\/span>\n\t<\/a>\n\n<p><strong>Incluye:<\/strong><\/p>\n<ul>\n<li>Un par de pedales magped GRAVITY (I+D)<\/li>\n<li>Imanes<\/li>\n<li>Placas met\u00e1licas para zapatos SPD<\/li>\n<li>Tornillos magn\u00e9ticos en 2 longitudes<\/li>\n<li>Llave Allen<\/li>\n<li>50 pins de acero<\/li>\n<\/ul>\n<p>Los pins pueden montarse en 2 longitudes diferentes.<\/p>\n<p><strong>recomendaci\u00f3n de tama\u00f1o de im\u00e1n:<\/strong><\/p>\n<ul>\n<li>150N para ciclistas de hasta 80 kg<\/li>\n<li>200N para ciclistas &gt;75 kg<\/li>\n<\/ul>\n<h3><strong>V\u00eddeos:<\/strong><\/h3>\n<div class=\"aiovg-player-container\" style=\"max-width: 100%;\"><div class=\"aiovg-player aiovg-player-iframe\" style=\"padding-bottom: 56.25%;\"><iframe loading=\"lazy\" src=\"https:\/\/www.magped.us\/player-embed\/id\/63064\/\" title=\"GRAVITY video\" width=\"560\" height=\"315\" frameborder=\"0\" scrolling=\"no\" allow=\"accelerometer; autoplay; clipboard-write; encrypted-media; gyroscope; picture-in-picture; web-share\" allowfullscreen><\/iframe><\/div><\/div><script type=\"application\/ld+json\">{\"@context\":\"https:\\\/\\\/schema.org\",\"@type\":\"VideoObject\",\"@id\":\"https:\\\/\\\/www.magped.us\\\/es\\\/#\\\/schema\\\/video\\\/63064\",\"name\":\"GRAVITY video\",\"thumbnailUrl\":\"https:\\\/\\\/i.vimeocdn.com\\\/video\\\/1994731068-217f10826ec397f32c9759a5ee35fddd8c9e0eab25007d8aa2b4b63ea7098228-d_640?isnew=1\",\"uploadDate\":\"2024-03-09T00:22:48-08:00\",\"embedUrl\":\"https:\\\/\\\/www.magped.us\\\/player-embed\\\/id\\\/63064\\\/\",\"duration\":\"PT01M00S\",\"interactionStatistic\":{\"@type\":\"InteractionCounter\",\"interactionType\":{\"@type\":\"http:\\\/\\\/schema.org\\\/WatchAction\"},\"userInteractionCount\":8340}}<\/script>\n<br \/>En el v\u00eddeo de configuraci\u00f3n del pedal magped GRAVITY aprender\u00e1 c\u00f3mo montar las calas, instalar los pins y ajustar la altura del im\u00e1n de manera \u00f3ptima.<\/p>\n<div class=\"video-button-wrapper\"><a href=\"https:\/\/vimeo.com\/803498137\" class=\"button open-video icon circle is-outline is-xlarge\" role=\"button\" aria-label=\"Open video in lightbox\" data-flatsome-role-button><i class=\"icon-play\" aria-hidden=\"true\" style=\"font-size:1.5em;\"><\/i><\/a><\/div>\n<p>En el v\u00eddeo de mantenimiento aprender\u00e1 c\u00f3mo mantener su pedal y c\u00f3mo reemplazar los imanes.<\/p>\n<div class=\"video-button-wrapper\"><a href=\"https:\/\/vimeo.com\/803493793\" class=\"button open-video icon circle is-outline is-xlarge\" role=\"button\" aria-label=\"Open video in lightbox\" data-flatsome-role-button><i class=\"icon-play\" aria-hidden=\"true\" style=\"font-size:1.5em;\"><\/i><\/a><\/div>\n","protected":false},"excerpt":{"rendered":"<p>Un par de magped GRAVITY HIGHFIVES pedales<\/p>\n","protected":false},"featured_media":67256,"template":"","meta":[],"product_brand":[],"product_cat":[73],"product_tag":[],"class_list":{"0":"post-67231","1":"product","2":"type-product","3":"status-publish","4":"has-post-thumbnail","6":"product_cat-pedales","8":"first","9":"instock","10":"taxable","11":"shipping-taxable","12":"purchasable","13":"product-type-variable","14":"has-default-attributes"},"_links":{"self":[{"href":"https:\/\/www.magped.us\/es\/wp-json\/wp\/v2\/product\/67231","targetHints":{"allow":["GET"]}}],"collection":[{"href":"https:\/\/www.magped.us\/es\/wp-json\/wp\/v2\/product"}],"about":[{"href":"https:\/\/www.magped.us\/es\/wp-json\/wp\/v2\/types\/product"}],"wp:featuredmedia":[{"embeddable":true,"href":"https:\/\/www.magped.us\/es\/wp-json\/wp\/v2\/media\/67256"}],"wp:attachment":[{"href":"https:\/\/www.magped.us\/es\/wp-json\/wp\/v2\/media?parent=67231"}],"wp:term":[{"taxonomy":"product_brand","embeddable":true,"href":"https:\/\/www.magped.us\/es\/wp-json\/wp\/v2\/product_brand?post=67231"},{"taxonomy":"product_cat","embeddable":true,"href":"https:\/\/www.magped.us\/es\/wp-json\/wp\/v2\/product_cat?post=67231"},{"taxonomy":"product_tag","embeddable":true,"href":"https:\/\/www.magped.us\/es\/wp-json\/wp\/v2\/product_tag?post=67231"}],"curies":[{"name":"wp","href":"https:\/\/api.w.org\/{rel}","templated":true}]}}